{"id":333,"date":"2017-07-28T15:18:44","date_gmt":"2017-07-28T13:18:44","guid":{"rendered":"http:\/\/fourriere-intercommunale.com\/?page_id=333"},"modified":"2017-07-28T15:22:38","modified_gmt":"2017-07-28T13:22:38","slug":"mentions-legales","status":"publish","type":"page","link":"https:\/\/fourriere-intercommunale.com\/index.php\/mentions-legales\/","title":{"rendered":"Mentions L\u00e9gales"},"content":{"rendered":"<header id=\"headerPage\">\n<div class=\"toolbar toolbar-top\">\n<div class=\"toolbar-share\">\n<p style=\"text-align: center;\"><strong>Propri\u00e9taire du site :<\/strong><\/p>\n<p>SAS AUTO LIVE PAYS DE LERINS<\/p>\n<p>Fourri\u00e8re intercommunale<\/p>\n<p>A.L.P.L.<\/p>\n<p>Parking Croisette &#8211; Bd croisette 06400 Cannes<\/p>\n<p>T\u00e9l : 04 93 43 54 55 &#8211; Fax : 04.93.94.46.56<\/p>\n<p>Courriel : fourrierecannes@hotmail.fr<\/p>\n<p>Si\u00e8ge Social : 9 Rue Pons, 06400 Cannes<\/p>\n<p>RCS CANNES : 404 833 329 00042<\/p>\n<p>TVA INTRACOMM : FR53 404 833 329<\/p>\n<\/div>\n<\/div>\n<p>&nbsp;<\/p>\n<p style=\"text-align: center;\"><strong>D\u00e9veloppeur Web :<\/strong><\/p>\n<p>Raison Sociale : Bear Prod<\/p>\n<p>Nom : Arnaud Beltran<\/p>\n<p>SIRET : 82216128700021<\/p>\n<p>Site web : http:\/\/bear-prod.fr<\/p>\n<\/header>\n<p>&nbsp;<\/p>\n<p>&nbsp;<\/p>\n<p style=\"text-align: center;\"><strong>H\u00e9bergement :\u00a0<\/strong><\/p>\n<div class=\"row\">\n<div class=\"col-s-center col-s-12 col-l-8\">SAS au capital de 10 069 020 \u20ac<br \/>\nRCS Lille M\u00e9tropole 424 761 419 00045<br \/>\nCode APE 2620Z<br \/>\nN\u00b0 TVA : FR 22 424 761 419<br \/>\nSi\u00e8ge social : 2 rue Kellermann &#8211; 59100 Roubaix &#8211; France<br \/>\nDirecteur de la publication : Octave KLABA<\/div>\n<\/div>\n<div class=\"row\">\n<div class=\"col-s-center col-s-12 col-l-8 marginTop20 marginBottom80\">\n<ul>\n<li>Pr\u00e9sident : Henryk KLABA<\/li>\n<li>Directeur g\u00e9n\u00e9ral : Laurent ALLARD<\/li>\n<li>Directeur g\u00e9n\u00e9ral d\u00e9l\u00e9gu\u00e9 : Octave KLABA<\/li>\n<li>Directeur g\u00e9n\u00e9ral d\u00e9l\u00e9gu\u00e9 : Halina KLABA<\/li>\n<li>Directeur g\u00e9n\u00e9ral d\u00e9l\u00e9gu\u00e9 : Miroslaw KLABA<\/li>\n<\/ul>\n<\/div>\n<\/div>\n<p>&nbsp;<\/p>\n<p>&nbsp;<\/p>\n<p>L\u2019ensemble de ce site rel\u00e8ve des l\u00e9gislations fran\u00e7aises et internationales sur le droit d\u2019auteur et la propri\u00e9t\u00e9 intellectuelle. Tous les droits de reproduction sont r\u00e9serv\u00e9s, y compris pour les documents iconographiques et photographiques.<\/p>\n<p>&nbsp;<\/p>\n<pre><strong>Donn\u00e9es personnelles<\/strong><\/pre>\n<p>D\u2019une fa\u00e7on g\u00e9n\u00e9rale, vous pouvez visiter notre site sur Internet sans avoir \u00e0 d\u00e9cliner votre identit\u00e9 et \u00e0 fournir des informations personnelles vous concernant. Cependant, nous pouvons parfois vous demander des informations. Par exemple, pour traiter une commande, \u00e9tablir une correspondance, fournir un abonnement ou soumettre une candidature \u00e0 un poste. Nous pouvons compl\u00e9ter ces informations pour conclure une transaction ou offrir un meilleur service.<\/p>\n<p>&nbsp;<\/p>\n<p><strong>Droits d\u2019auteur\/Copyright<\/strong><\/p>\n<p>Tous les \u00e9l\u00e9ments du site http:\/\/www.fourriere-intercommunale.com sont la propri\u00e9t\u00e9 de SAS AUTO LIVE PAYS DE LERINS et de ce fait prot\u00e9g\u00e9s par les dispositions du Code la Propri\u00e9t\u00e9 intellectuelle, notamment au titre du droit d\u2019auteur. Par cons\u00e9quent, toute reproduction, modification, utilisation, adaptation, incorporation, traduction, commercialisation, partielle ou int\u00e9grale des \u00e9l\u00e9ments contenus dans ce site, sans l\u2019autorisation \u00e9crite pr\u00e9alable de SAS AUTO LIVE PAYS DE LERINS, est interdite \u00e0 l\u2019exception d\u2019une stricte utilisation pour usage personnel, priv\u00e9 et non-commercial, sans modification des \u00e9l\u00e9ments pr\u00e9sents sur le site et sans suppression des mentions relatives aux droits d\u2019auteur ou autre mention concernant les droits de la propri\u00e9t\u00e9 intellectuelle.<\/p>\n<p><strong>Responsabilit\u00e9<\/strong><\/p>\n<p>SAS AUTO LIVE PAYS DE LERINS met tout en \u0153uvre pour offrir aux utilisateurs des informations et\/ou des outils disponibles et v\u00e9rifi\u00e9s, mais ne saurait \u00eatre tenu pour responsable des erreurs, d\u2019une absence de disponibilit\u00e9 des informations et\/ou de la pr\u00e9sence de virus sur son site.\u2028\u00a0\u2028L\u2019utilisateur est seul responsable de l\u2019utilisation de telles informations.\u2028 SAS AUTO LIVE PAYS DE LERINS se r\u00e9serve le droit de modifier \u00e0 tout moment les pr\u00e9sentes sans communication pr\u00e9alable. Les sites ext\u00e9rieurs ayant un lien hypertexte avec le site http:\/\/www.fourriere-intercommunale.com\u00a0ne sont pas sous le contr\u00f4le deSAS AUTO LIVE PAYS DE LERINS qui d\u00e9cline par cons\u00e9quent toute responsabilit\u00e9 quant \u00e0 leur contenu.<\/p>\n<p><strong>Protection des donn\u00e9es<\/strong><\/p>\n<p>(Conform\u00e9ment \u00e0 la loi n\u00b0 1.165 du 23 d\u00e9cembre 1993 modifi\u00e9e, r\u00e9glementant le traitement des informations nominatives)<br \/>\nToutes les informations contenues dans les fichiers informatis\u00e9s, que SAS AUTO LIVE PAYS DE LERINS enregistre et stocke notamment \u00e0 des fins promotionnelles, ne seront ni c\u00e9d\u00e9es ni accessibles, \u00e0 l\u2019exception des personnels habilit\u00e9s de ladite soci\u00e9t\u00e9.<br \/>\nConform\u00e9ment \u00e0 la loi n\u00b0 1.165 du 23 d\u00e9cembre 1993, modifi\u00e9e, toute personne pourra s\u2019adresser \u00e0SAS AUTO LIVE PAYS DE LERINS, dont les coordonn\u00e9es sont pr\u00e9sent\u00e9es ci-avant pour exercer leur droit d\u2019acc\u00e8s, de modification, de rectification des \u00a0informations contenues dans lesdits fichiers. Ils pourront \u00e9galement demander \u00e0 ce que les donn\u00e9es inexactes, incompl\u00e8tes, \u00e9quivoques ou p\u00e9rim\u00e9es soient rectifi\u00e9es ou supprim\u00e9es.<\/p>\n<p>&nbsp;<\/p>\n<p>&nbsp;<\/p>\n<p>&nbsp;<\/p>\n<p><strong>Conditions g\u00e9n\u00e9rales d\u2019utilisation du site<\/strong><\/p>\n<p>Le pr\u00e9sent site ainsi que l\u2019ensemble de son contenu (et notamment les photos, logos, marques et information de toute nature qui y figurent) est prot\u00e9g\u00e9 par les dispositions du Code de la Propri\u00e9t\u00e9 Intellectuelle, notamment au titre du droit d\u2019auteur.SAS AUTO LIVE PAYS DE LERINS conc\u00e8de aux internautes une simple autorisation de visualisation qui exclut notamment la r\u00e9utilisation de tout ou partie du contenu de ce site pour quelque cause que ce soit. L\u2019autorisation de reproduction n\u2019est conc\u00e9d\u00e9e que sous forme num\u00e9rique sur l\u2019ordinateur qui sert \u00e0 la consultation du site \u00e0 des fins de visualisation des pages consult\u00e9es par le logiciel de navigation de l\u2019internaute. Tous les droits de reproduction sont r\u00e9serv\u00e9s y compris pour les documents t\u00e9l\u00e9chargeables (logos, photos, plaquette, guide, informations de toute nature ou autre\u2026). Les documents \u00e0 t\u00e9l\u00e9charger sont \u00e9galement prot\u00e9g\u00e9s par le droit d\u2019auteur.<\/p>\n<p>Toute utilisation de ce site non conforme aux points ci-dessus, sauf indication contraire pr\u00e9cis\u00e9e sur le site ou autorisation express pr\u00e9alable de l\u2019\u00e9diteur, est interdite et engage la responsabilit\u00e9 exclusive de son auteur.<\/p>\n<p>En utilisant le pr\u00e9sent site l\u2019internaute accepte l\u2019int\u00e9gralit\u00e9 des conditions d\u2019utilisation d\u00e9taill\u00e9es ci-dessus.<\/p>\n<div class=\"content-fiche\"><\/div>\n","protected":false},"excerpt":{"rendered":"<p>Propri\u00e9taire du site : SAS AUTO LIVE PAYS DE LERINS Fourri\u00e8re intercommunale A.L.P.L. Parking Croisette &#8211; Bd croisette 06400 Cannes T\u00e9l : 04 93 43 54 55 &#8211; Fax : 04.93.94.46.56 Courriel : fourrierecannes@hotmail.fr Si\u00e8ge Social : 9 Rue Pons, 06400 Cannes RCS CANNES : 404 833 329 00042 TVA INTRACOMM : FR53 404 833&hellip;<\/p>\n","protected":false},"author":4,"featured_media":0,"parent":0,"menu_order":0,"comment_status":"closed","ping_status":"closed","template":"","meta":[],"class_list":["post-333","page","type-page","status-publish","hentry","description-off"],"acf":[],"yoast_head":"<!-- This site is optimized with the Yoast SEO plugin v21.9.1 - https:\/\/yoast.com\/wordpress\/plugins\/seo\/ -->\n<title>Mentions L\u00e9gales | Fourri\u00e8re Intercommunale<\/title>\n<meta name=\"robots\" content=\"index, follow, max-snippet:-1, max-image-preview:large, max-video-preview:-1\" \/>\n<link rel=\"canonical\" href=\"https:\/\/fourriere-intercommunale.com\/index.php\/mentions-legales\/\" \/>\n<meta property=\"og:locale\" content=\"fr_FR\" \/>\n<meta property=\"og:type\" content=\"article\" \/>\n<meta property=\"og:title\" content=\"Mentions L\u00e9gales | Fourri\u00e8re Intercommunale\" \/>\n<meta property=\"og:description\" content=\"Propri\u00e9taire du site : SAS AUTO LIVE PAYS DE LERINS Fourri\u00e8re intercommunale A.L.P.L. Parking Croisette &#8211; Bd croisette 06400 Cannes T\u00e9l : 04 93 43 54 55 &#8211; Fax : 04.93.94.46.56 Courriel : fourrierecannes@hotmail.fr Si\u00e8ge Social : 9 Rue Pons, 06400 Cannes RCS CANNES : 404 833 329 00042 TVA INTRACOMM : FR53 404 833&hellip;\" \/>\n<meta property=\"og:url\" content=\"https:\/\/fourriere-intercommunale.com\/index.php\/mentions-legales\/\" \/>\n<meta property=\"og:site_name\" content=\"Fourri\u00e8re Intercommunale\" \/>\n<meta property=\"article:modified_time\" content=\"2017-07-28T13:22:38+00:00\" \/>\n<meta name=\"twitter:card\" content=\"summary_large_image\" \/>\n<meta name=\"twitter:label1\" content=\"Dur\u00e9e de lecture estim\u00e9e\" \/>\n\t<meta name=\"twitter:data1\" content=\"4 minutes\" \/>\n<script type=\"application\/ld+json\" class=\"yoast-schema-graph\">{\"@context\":\"https:\/\/schema.org\",\"@graph\":[{\"@type\":\"WebPage\",\"@id\":\"https:\/\/fourriere-intercommunale.com\/index.php\/mentions-legales\/\",\"url\":\"https:\/\/fourriere-intercommunale.com\/index.php\/mentions-legales\/\",\"name\":\"Mentions L\u00e9gales | Fourri\u00e8re Intercommunale\",\"isPartOf\":{\"@id\":\"https:\/\/fourriere-intercommunale.com\/#website\"},\"datePublished\":\"2017-07-28T13:18:44+00:00\",\"dateModified\":\"2017-07-28T13:22:38+00:00\",\"breadcrumb\":{\"@id\":\"https:\/\/fourriere-intercommunale.com\/index.php\/mentions-legales\/#breadcrumb\"},\"inLanguage\":\"fr-FR\",\"potentialAction\":[{\"@type\":\"ReadAction\",\"target\":[\"https:\/\/fourriere-intercommunale.com\/index.php\/mentions-legales\/\"]}]},{\"@type\":\"BreadcrumbList\",\"@id\":\"https:\/\/fourriere-intercommunale.com\/index.php\/mentions-legales\/#breadcrumb\",\"itemListElement\":[{\"@type\":\"ListItem\",\"position\":1,\"name\":\"Accueil\",\"item\":\"https:\/\/fourriere-intercommunale.com\/\"},{\"@type\":\"ListItem\",\"position\":2,\"name\":\"Mentions L\u00e9gales\"}]},{\"@type\":\"WebSite\",\"@id\":\"https:\/\/fourriere-intercommunale.com\/#website\",\"url\":\"https:\/\/fourriere-intercommunale.com\/\",\"name\":\"Fourri\u00e8re Intercommunale\",\"description\":\"Infos et Contact Fourri\u00e8res\",\"potentialAction\":[{\"@type\":\"SearchAction\",\"target\":{\"@type\":\"EntryPoint\",\"urlTemplate\":\"https:\/\/fourriere-intercommunale.com\/?s={search_term_string}\"},\"query-input\":\"required name=search_term_string\"}],\"inLanguage\":\"fr-FR\"}]}<\/script>\n<!-- \/ Yoast SEO plugin. -->","yoast_head_json":{"title":"Mentions L\u00e9gales | Fourri\u00e8re Intercommunale","robots":{"index":"index","follow":"follow","max-snippet":"max-snippet:-1","max-image-preview":"max-image-preview:large","max-video-preview":"max-video-preview:-1"},"canonical":"https:\/\/fourriere-intercommunale.com\/index.php\/mentions-legales\/","og_locale":"fr_FR","og_type":"article","og_title":"Mentions L\u00e9gales | Fourri\u00e8re Intercommunale","og_description":"Propri\u00e9taire du site : SAS AUTO LIVE PAYS DE LERINS Fourri\u00e8re intercommunale A.L.P.L. Parking Croisette &#8211; Bd croisette 06400 Cannes T\u00e9l : 04 93 43 54 55 &#8211; Fax : 04.93.94.46.56 Courriel : fourrierecannes@hotmail.fr Si\u00e8ge Social : 9 Rue Pons, 06400 Cannes RCS CANNES : 404 833 329 00042 TVA INTRACOMM : FR53 404 833&hellip;","og_url":"https:\/\/fourriere-intercommunale.com\/index.php\/mentions-legales\/","og_site_name":"Fourri\u00e8re Intercommunale","article_modified_time":"2017-07-28T13:22:38+00:00","twitter_card":"summary_large_image","twitter_misc":{"Dur\u00e9e de lecture estim\u00e9e":"4 minutes"},"schema":{"@context":"https:\/\/schema.org","@graph":[{"@type":"WebPage","@id":"https:\/\/fourriere-intercommunale.com\/index.php\/mentions-legales\/","url":"https:\/\/fourriere-intercommunale.com\/index.php\/mentions-legales\/","name":"Mentions L\u00e9gales | Fourri\u00e8re Intercommunale","isPartOf":{"@id":"https:\/\/fourriere-intercommunale.com\/#website"},"datePublished":"2017-07-28T13:18:44+00:00","dateModified":"2017-07-28T13:22:38+00:00","breadcrumb":{"@id":"https:\/\/fourriere-intercommunale.com\/index.php\/mentions-legales\/#breadcrumb"},"inLanguage":"fr-FR","potentialAction":[{"@type":"ReadAction","target":["https:\/\/fourriere-intercommunale.com\/index.php\/mentions-legales\/"]}]},{"@type":"BreadcrumbList","@id":"https:\/\/fourriere-intercommunale.com\/index.php\/mentions-legales\/#breadcrumb","itemListElement":[{"@type":"ListItem","position":1,"name":"Accueil","item":"https:\/\/fourriere-intercommunale.com\/"},{"@type":"ListItem","position":2,"name":"Mentions L\u00e9gales"}]},{"@type":"WebSite","@id":"https:\/\/fourriere-intercommunale.com\/#website","url":"https:\/\/fourriere-intercommunale.com\/","name":"Fourri\u00e8re Intercommunale","description":"Infos et Contact Fourri\u00e8res","potentialAction":[{"@type":"SearchAction","target":{"@type":"EntryPoint","urlTemplate":"https:\/\/fourriere-intercommunale.com\/?s={search_term_string}"},"query-input":"required name=search_term_string"}],"inLanguage":"fr-FR"}]}},"_links":{"self":[{"href":"https:\/\/fourriere-intercommunale.com\/index.php\/wp-json\/wp\/v2\/pages\/333","targetHints":{"allow":["GET"]}}],"collection":[{"href":"https:\/\/fourriere-intercommunale.com\/index.php\/wp-json\/wp\/v2\/pages"}],"about":[{"href":"https:\/\/fourriere-intercommunale.com\/index.php\/wp-json\/wp\/v2\/types\/page"}],"author":[{"embeddable":true,"href":"https:\/\/fourriere-intercommunale.com\/index.php\/wp-json\/wp\/v2\/users\/4"}],"replies":[{"embeddable":true,"href":"https:\/\/fourriere-intercommunale.com\/index.php\/wp-json\/wp\/v2\/comments?post=333"}],"version-history":[{"count":1,"href":"https:\/\/fourriere-intercommunale.com\/index.php\/wp-json\/wp\/v2\/pages\/333\/revisions"}],"predecessor-version":[{"id":334,"href":"https:\/\/fourriere-intercommunale.com\/index.php\/wp-json\/wp\/v2\/pages\/333\/revisions\/334"}],"wp:attachment":[{"href":"https:\/\/fourriere-intercommunale.com\/index.php\/wp-json\/wp\/v2\/media?parent=333"}],"curies":[{"name":"wp","href":"https:\/\/api.w.org\/{rel}","templated":true}]}}