{"id":25,"date":"2017-07-19T19:46:06","date_gmt":"2017-07-19T17:46:06","guid":{"rendered":"http:\/\/fourriere-intercommunale.com\/?page_id=25"},"modified":"2025-06-04T16:20:10","modified_gmt":"2025-06-04T14:20:10","slug":"tarifs","status":"publish","type":"page","link":"https:\/\/fourriere-intercommunale.com\/index.php\/tarifs\/","title":{"rendered":"Tarifs"},"content":{"rendered":"<p>[vc_row][vc_column][vc_empty_space][vc_column_text]<\/p>\n<p style=\"text-align: center; font-size: 12px;\"><em>\u00ab\u00a0Les tarifs sont d\u00e9finis par arr\u00eat\u00e9 minist\u00e9riel. Consultable sur le site www.legifrance.gouv.fr . L&rsquo;arr\u00eat\u00e9 de r\u00e9f\u00e9rence est celui du 02 Ao\u00fbt 2019 modifiant l&rsquo;arr\u00eat\u00e9 du 14 Novembre 2001\u00a0 fixant les tarifs maxima des frais de fourri\u00e8re pour automobiles\u00a0\u00bb<\/em><\/p>\n<p>[\/vc_column_text][\/vc_column][\/vc_row][vc_row][vc_column width=\u00a0\u00bb1\/2&Prime;][vc_custom_heading text=\u00a0\u00bbFrais de fourri\u00e8re automobile\u00a0\u00bb font_container=\u00a0\u00bbtag:h3|text_align:center\u00a0\u00bb use_theme_fonts=\u00a0\u00bbyes\u00a0\u00bb][vc_icon icon_fontawesome=\u00a0\u00bbfa fa-car\u00a0\u00bb color=\u00a0\u00bbcustom\u00a0\u00bb size=\u00a0\u00bblg\u00a0\u00bb align=\u00a0\u00bbcenter\u00a0\u00bb custom_color=\u00a0\u00bb#dd3333&Prime;][vc_column_text]<span style=\"font-size: 25px;\"><strong>1<sup>er<\/sup><\/strong><\/span> jour: 134,40\u20ac<\/p>\n<p><span style=\"font-size: 25px;\"><strong>+<\/strong><\/span> \u00a0par jours suppl\u00e9mentaires : 6,75\u20ac<\/p>\n<p>&nbsp;[\/vc_column_text][vc_column_text]<span style=\"font-size: 20px;\"><strong>Exemple :<\/strong><\/span> Pour 4 jours 134,40 + 3*6,75 = 154,65\u20ac[\/vc_column_text][\/vc_column][vc_column width=\u00a0\u00bb1\/2&Prime;][vc_custom_heading text=\u00a0\u00bbFrais de fourri\u00e8re moto\u00a0\u00bb font_container=\u00a0\u00bbtag:h3|text_align:center\u00a0\u00bb use_theme_fonts=\u00a0\u00bbyes\u00a0\u00bb][vc_icon icon_fontawesome=\u00a0\u00bbfa fa-motorcycle\u00a0\u00bb color=\u00a0\u00bbcustom\u00a0\u00bb size=\u00a0\u00bblg\u00a0\u00bb align=\u00a0\u00bbcenter\u00a0\u00bb custom_color=\u00a0\u00bb#dd3333&Prime;][vc_column_text]<span style=\"font-size: 25px;\"><strong>1<sup>er<\/sup><\/strong><\/span> jour: 48,70\u20ac<\/p>\n<p><span style=\"font-size: 25px;\"><strong>+<\/strong><\/span> \u00a0par jours suppl\u00e9mentaires : 3\u20ac<\/p>\n<p>&nbsp;[\/vc_column_text][vc_column_text]<span style=\"font-size: 20px;\"><strong>Exemple :<\/strong><\/span> Pour 4 jours 48,70 + 3*3 = 57,70\u20ac[\/vc_column_text][\/vc_column][\/vc_row][vc_row][vc_column][vc_separator border_width=\u00a0\u00bb2&Prime; el_width=\u00a0\u00bb50&Prime;][\/vc_column][\/vc_row]<\/p>\n","protected":false},"excerpt":{"rendered":"<p>[vc_row][vc_column][vc_empty_space][vc_column_text] \u00ab\u00a0Les tarifs sont d\u00e9finis par arr\u00eat\u00e9 minist\u00e9riel. Consultable sur le site www.legifrance.gouv.fr . L&rsquo;arr\u00eat\u00e9 de r\u00e9f\u00e9rence est celui du 02 Ao\u00fbt 2019 modifiant l&rsquo;arr\u00eat\u00e9 du 14 Novembre 2001\u00a0 fixant les tarifs maxima des frais de fourri\u00e8re pour automobiles\u00a0\u00bb [\/vc_column_text][\/vc_column][\/vc_row][vc_row][vc_column width=\u00a0\u00bb1\/2&Prime;][vc_custom_heading text=\u00a0\u00bbFrais de fourri\u00e8re automobile\u00a0\u00bb font_container=\u00a0\u00bbtag:h3|text_align:center\u00a0\u00bb use_theme_fonts=\u00a0\u00bbyes\u00a0\u00bb][vc_icon icon_fontawesome=\u00a0\u00bbfa fa-car\u00a0\u00bb color=\u00a0\u00bbcustom\u00a0\u00bb size=\u00a0\u00bblg\u00a0\u00bb align=\u00a0\u00bbcenter\u00a0\u00bb custom_color=\u00a0\u00bb#dd3333&Prime;][vc_column_text]1er jour: 134,40\u20ac&hellip;<\/p>\n","protected":false},"author":4,"featured_media":0,"parent":0,"menu_order":0,"comment_status":"closed","ping_status":"closed","template":"","meta":[],"class_list":["post-25","page","type-page","status-publish","hentry","description-off"],"acf":[],"yoast_head":"<!-- This site is optimized with the Yoast SEO plugin v21.9.1 - https:\/\/yoast.com\/wordpress\/plugins\/seo\/ -->\n<title>Site officiel Fourri\u00e8re Intercommunale | Frais de fourri\u00e8re<\/title>\n<meta name=\"description\" content=\"Consultez les tarifs et modalit\u00e9s de paiements des frais de fourri\u00e8res de la r\u00e9gion de cannes pour votre v\u00e9hicule voiture ou moto.\" \/>\n<meta name=\"robots\" content=\"index, follow, max-snippet:-1, max-image-preview:large, max-video-preview:-1\" \/>\n<link rel=\"canonical\" href=\"https:\/\/fourriere-intercommunale.com\/index.php\/tarifs\/\" \/>\n<meta property=\"og:locale\" content=\"fr_FR\" \/>\n<meta property=\"og:type\" content=\"article\" \/>\n<meta property=\"og:title\" content=\"Site officiel Fourri\u00e8re Intercommunale | Frais de fourri\u00e8re\" \/>\n<meta property=\"og:description\" content=\"Consultez les tarifs et modalit\u00e9s de paiements des frais de fourri\u00e8res de la r\u00e9gion de cannes pour votre v\u00e9hicule voiture ou moto.\" \/>\n<meta property=\"og:url\" content=\"https:\/\/fourriere-intercommunale.com\/index.php\/tarifs\/\" \/>\n<meta property=\"og:site_name\" content=\"Fourri\u00e8re Intercommunale\" \/>\n<meta property=\"article:modified_time\" content=\"2025-06-04T14:20:10+00:00\" \/>\n<meta name=\"twitter:card\" content=\"summary_large_image\" \/>\n<meta name=\"twitter:label1\" content=\"Dur\u00e9e de lecture estim\u00e9e\" \/>\n\t<meta name=\"twitter:data1\" content=\"1 minute\" \/>\n<script type=\"application\/ld+json\" class=\"yoast-schema-graph\">{\"@context\":\"https:\/\/schema.org\",\"@graph\":[{\"@type\":\"WebPage\",\"@id\":\"https:\/\/fourriere-intercommunale.com\/index.php\/tarifs\/\",\"url\":\"https:\/\/fourriere-intercommunale.com\/index.php\/tarifs\/\",\"name\":\"Site officiel Fourri\u00e8re Intercommunale | Frais de fourri\u00e8re\",\"isPartOf\":{\"@id\":\"https:\/\/fourriere-intercommunale.com\/#website\"},\"datePublished\":\"2017-07-19T17:46:06+00:00\",\"dateModified\":\"2025-06-04T14:20:10+00:00\",\"description\":\"Consultez les tarifs et modalit\u00e9s de paiements des frais de fourri\u00e8res de la r\u00e9gion de cannes pour votre v\u00e9hicule voiture ou moto.\",\"breadcrumb\":{\"@id\":\"https:\/\/fourriere-intercommunale.com\/index.php\/tarifs\/#breadcrumb\"},\"inLanguage\":\"fr-FR\",\"potentialAction\":[{\"@type\":\"ReadAction\",\"target\":[\"https:\/\/fourriere-intercommunale.com\/index.php\/tarifs\/\"]}]},{\"@type\":\"BreadcrumbList\",\"@id\":\"https:\/\/fourriere-intercommunale.com\/index.php\/tarifs\/#breadcrumb\",\"itemListElement\":[{\"@type\":\"ListItem\",\"position\":1,\"name\":\"Accueil\",\"item\":\"https:\/\/fourriere-intercommunale.com\/\"},{\"@type\":\"ListItem\",\"position\":2,\"name\":\"Tarifs\"}]},{\"@type\":\"WebSite\",\"@id\":\"https:\/\/fourriere-intercommunale.com\/#website\",\"url\":\"https:\/\/fourriere-intercommunale.com\/\",\"name\":\"Fourri\u00e8re Intercommunale\",\"description\":\"Infos et Contact Fourri\u00e8res\",\"potentialAction\":[{\"@type\":\"SearchAction\",\"target\":{\"@type\":\"EntryPoint\",\"urlTemplate\":\"https:\/\/fourriere-intercommunale.com\/?s={search_term_string}\"},\"query-input\":\"required name=search_term_string\"}],\"inLanguage\":\"fr-FR\"}]}<\/script>\n<!-- \/ Yoast SEO plugin. -->","yoast_head_json":{"title":"Site officiel Fourri\u00e8re Intercommunale | Frais de fourri\u00e8re","description":"Consultez les tarifs et modalit\u00e9s de paiements des frais de fourri\u00e8res de la r\u00e9gion de cannes pour votre v\u00e9hicule voiture ou moto.","robots":{"index":"index","follow":"follow","max-snippet":"max-snippet:-1","max-image-preview":"max-image-preview:large","max-video-preview":"max-video-preview:-1"},"canonical":"https:\/\/fourriere-intercommunale.com\/index.php\/tarifs\/","og_locale":"fr_FR","og_type":"article","og_title":"Site officiel Fourri\u00e8re Intercommunale | Frais de fourri\u00e8re","og_description":"Consultez les tarifs et modalit\u00e9s de paiements des frais de fourri\u00e8res de la r\u00e9gion de cannes pour votre v\u00e9hicule voiture ou moto.","og_url":"https:\/\/fourriere-intercommunale.com\/index.php\/tarifs\/","og_site_name":"Fourri\u00e8re Intercommunale","article_modified_time":"2025-06-04T14:20:10+00:00","twitter_card":"summary_large_image","twitter_misc":{"Dur\u00e9e de lecture estim\u00e9e":"1 minute"},"schema":{"@context":"https:\/\/schema.org","@graph":[{"@type":"WebPage","@id":"https:\/\/fourriere-intercommunale.com\/index.php\/tarifs\/","url":"https:\/\/fourriere-intercommunale.com\/index.php\/tarifs\/","name":"Site officiel Fourri\u00e8re Intercommunale | Frais de fourri\u00e8re","isPartOf":{"@id":"https:\/\/fourriere-intercommunale.com\/#website"},"datePublished":"2017-07-19T17:46:06+00:00","dateModified":"2025-06-04T14:20:10+00:00","description":"Consultez les tarifs et modalit\u00e9s de paiements des frais de fourri\u00e8res de la r\u00e9gion de cannes pour votre v\u00e9hicule voiture ou moto.","breadcrumb":{"@id":"https:\/\/fourriere-intercommunale.com\/index.php\/tarifs\/#breadcrumb"},"inLanguage":"fr-FR","potentialAction":[{"@type":"ReadAction","target":["https:\/\/fourriere-intercommunale.com\/index.php\/tarifs\/"]}]},{"@type":"BreadcrumbList","@id":"https:\/\/fourriere-intercommunale.com\/index.php\/tarifs\/#breadcrumb","itemListElement":[{"@type":"ListItem","position":1,"name":"Accueil","item":"https:\/\/fourriere-intercommunale.com\/"},{"@type":"ListItem","position":2,"name":"Tarifs"}]},{"@type":"WebSite","@id":"https:\/\/fourriere-intercommunale.com\/#website","url":"https:\/\/fourriere-intercommunale.com\/","name":"Fourri\u00e8re Intercommunale","description":"Infos et Contact Fourri\u00e8res","potentialAction":[{"@type":"SearchAction","target":{"@type":"EntryPoint","urlTemplate":"https:\/\/fourriere-intercommunale.com\/?s={search_term_string}"},"query-input":"required name=search_term_string"}],"inLanguage":"fr-FR"}]}},"_links":{"self":[{"href":"https:\/\/fourriere-intercommunale.com\/index.php\/wp-json\/wp\/v2\/pages\/25","targetHints":{"allow":["GET"]}}],"collection":[{"href":"https:\/\/fourriere-intercommunale.com\/index.php\/wp-json\/wp\/v2\/pages"}],"about":[{"href":"https:\/\/fourriere-intercommunale.com\/index.php\/wp-json\/wp\/v2\/types\/page"}],"author":[{"embeddable":true,"href":"https:\/\/fourriere-intercommunale.com\/index.php\/wp-json\/wp\/v2\/users\/4"}],"replies":[{"embeddable":true,"href":"https:\/\/fourriere-intercommunale.com\/index.php\/wp-json\/wp\/v2\/comments?post=25"}],"version-history":[{"count":16,"href":"https:\/\/fourriere-intercommunale.com\/index.php\/wp-json\/wp\/v2\/pages\/25\/revisions"}],"predecessor-version":[{"id":469,"href":"https:\/\/fourriere-intercommunale.com\/index.php\/wp-json\/wp\/v2\/pages\/25\/revisions\/469"}],"wp:attachment":[{"href":"https:\/\/fourriere-intercommunale.com\/index.php\/wp-json\/wp\/v2\/media?parent=25"}],"curies":[{"name":"wp","href":"https:\/\/api.w.org\/{rel}","templated":true}]}}