{"id":23,"date":"2017-07-19T19:45:28","date_gmt":"2017-07-19T17:45:28","guid":{"rendered":"http:\/\/fourriere-intercommunale.com\/?page_id=23"},"modified":"2017-08-21T15:49:54","modified_gmt":"2017-08-21T13:49:54","slug":"valbonne-sophia-antipolis","status":"publish","type":"page","link":"https:\/\/fourriere-intercommunale.com\/index.php\/valbonne-sophia-antipolis\/","title":{"rendered":"Valbonne \/ Sophia antipolis"},"content":{"rendered":"<p>[vc_row full_width=\u00a0\u00bbstretch_row_content\u00a0\u00bb css=\u00a0\u00bb.vc_custom_1500542422248{background-color: #e5e5e5 !important;}\u00a0\u00bb][vc_column][vc_custom_heading text=\u00a0\u00bbFourri\u00e8re Valbonne \/ Sophia Antipolis (06)\u00a0\u00bb font_container=\u00a0\u00bbtag:h2|text_align:center|color:%234c4c4c\u00a0\u00bb use_theme_fonts=\u00a0\u00bbyes\u00a0\u00bb][\/vc_column][\/vc_row][vc_row full_width=\u00a0\u00bbstretch_row_content\u00a0\u00bb equal_height=\u00a0\u00bbyes\u00a0\u00bb content_placement=\u00a0\u00bbmiddle\u00a0\u00bb][vc_column width=\u00a0\u00bb1\/4&Prime;][vc_single_image image=\u00a0\u00bb51&Prime; img_size=\u00a0\u00bb100&#215;100&Prime; alignment=\u00a0\u00bbcenter\u00a0\u00bb][\/vc_column][vc_column width=\u00a0\u00bb1\/2&Prime;][vc_column_text]<\/p>\n<p style=\"text-align: left;\"><strong>V\u00e9rifiez o\u00f9 se trouve votre v\u00e9hicule en appelant le<\/strong><\/p>\n<p style=\"font-size: 20px; text-align: left;\"><strong>04 92 95 71 52<\/strong><\/p>\n<p style=\"font-size: 12px; text-align: left;\"><em>du Lundi au Samedi de 9h \u00e0 18h sans interruption<\/em><\/p>\n<p>[\/vc_column_text][\/vc_column][vc_column width=\u00a0\u00bb1\/4&Prime;][vc_single_image image=\u00a0\u00bb60&Prime; img_size=\u00a0\u00bbmedium\u00a0\u00bb][\/vc_column][\/vc_row][vc_row full_width=\u00a0\u00bbstretch_row_content\u00a0\u00bb equal_height=\u00a0\u00bbyes\u00a0\u00bb content_placement=\u00a0\u00bbmiddle\u00a0\u00bb][vc_column width=\u00a0\u00bb1\/4&Prime;][vc_single_image image=\u00a0\u00bb50&Prime; img_size=\u00a0\u00bb100&#215;100&Prime; alignment=\u00a0\u00bbcenter\u00a0\u00bb][\/vc_column][vc_column width=\u00a0\u00bb1\/2&Prime;][vc_column_text]<\/p>\n<p style=\"text-align: left;\"><strong>Obtenez une main lev\u00e9e au poste de police comp\u00e9tent<\/strong><\/p>\n<p style=\"text-align: left;\"><strong>PI\u00c8CES OBLIGATOIRES :<\/strong> Permis de conduire + Carte grise avec contr\u00f4le technique valide\u00a0+ Certificat d&rsquo;assurance en cours de validit\u00e9<\/p>\n<p>2 Rue Calendal, 06560 Valbonne<\/p>\n<p style=\"font-size: 20px;\"><strong>04 93 12 32 00<\/strong><\/p>\n<p>[\/vc_column_text][\/vc_column][vc_column width=\u00a0\u00bb1\/4&Prime;][vc_single_image image=\u00a0\u00bb67&Prime; img_size=\u00a0\u00bbmedium\u00a0\u00bb][\/vc_column][\/vc_row][vc_row full_width=\u00a0\u00bbstretch_row_content\u00a0\u00bb equal_height=\u00a0\u00bbyes\u00a0\u00bb content_placement=\u00a0\u00bbmiddle\u00a0\u00bb][vc_column width=\u00a0\u00bb1\/4&Prime;][vc_single_image image=\u00a0\u00bb49&Prime; img_size=\u00a0\u00bb100&#215;100&Prime; alignment=\u00a0\u00bbcenter\u00a0\u00bb][\/vc_column][vc_column width=\u00a0\u00bb1\/2&Prime;][vc_column_text]<\/p>\n<p style=\"text-align: left;\"><strong>R\u00e9glez les frais de fourri\u00e8re pour r\u00e9cup\u00e9rez votre v\u00e9hicule<\/strong><\/p>\n<p style=\"text-align: left;\">Fourri\u00e8re Intercommunale<\/p>\n<p style=\"text-align: left;\">290 Chemin des Eucalyptus 06160 Juan les Pins<\/p>\n<p style=\"font-size: 20px; text-align: left;\"><strong>04 92 95 71 52<\/strong><\/p>\n<p style=\"font-size: 12px; text-align: left;\"><em>du Lundi au Samedi de 8h \u00e0 18h sans interruption. Pour la restitution apr\u00e8s 22h du samedi au dimanche soir, un personnel d&rsquo;astreinte est mis \u00e0 disposition pour la restitution des v\u00e9hicules mis en fourri\u00e8re pour stationnement g\u00eanant dits \u00ab\u00a0d&rsquo;Urgence\u00a0\u00bb<\/em><\/p>\n<p>[\/vc_column_text][\/vc_column][vc_column width=\u00a0\u00bb1\/4&Prime;][vc_single_image image=\u00a0\u00bb61&Prime; img_size=\u00a0\u00bbmedium\u00a0\u00bb][\/vc_column][\/vc_row][vc_row][vc_column][vc_single_image image=\u00a0\u00bb90&Prime; img_size=\u00a0\u00bblarge\u00a0\u00bb alignment=\u00a0\u00bbcenter\u00a0\u00bb][\/vc_column][\/vc_row]<\/p>\n","protected":false},"excerpt":{"rendered":"<p>[vc_row full_width=\u00a0\u00bbstretch_row_content\u00a0\u00bb css=\u00a0\u00bb.vc_custom_1500542422248{background-color: #e5e5e5 !important;}\u00a0\u00bb][vc_column][vc_custom_heading text=\u00a0\u00bbFourri\u00e8re Valbonne \/ Sophia Antipolis (06)\u00a0\u00bb font_container=\u00a0\u00bbtag:h2|text_align:center|color:%234c4c4c\u00a0\u00bb use_theme_fonts=\u00a0\u00bbyes\u00a0\u00bb][\/vc_column][\/vc_row][vc_row full_width=\u00a0\u00bbstretch_row_content\u00a0\u00bb equal_height=\u00a0\u00bbyes\u00a0\u00bb content_placement=\u00a0\u00bbmiddle\u00a0\u00bb][vc_column width=\u00a0\u00bb1\/4&Prime;][vc_single_image image=\u00a0\u00bb51&Prime; img_size=\u00a0\u00bb100&#215;100&Prime; alignment=\u00a0\u00bbcenter\u00a0\u00bb][\/vc_column][vc_column width=\u00a0\u00bb1\/2&Prime;][vc_column_text] V\u00e9rifiez o\u00f9 se trouve votre v\u00e9hicule en appelant le 04 92 95 71 52 du Lundi au Samedi de 9h \u00e0 18h sans interruption [\/vc_column_text][\/vc_column][vc_column width=\u00a0\u00bb1\/4&Prime;][vc_single_image image=\u00a0\u00bb60&Prime; img_size=\u00a0\u00bbmedium\u00a0\u00bb][\/vc_column][\/vc_row][vc_row full_width=\u00a0\u00bbstretch_row_content\u00a0\u00bb equal_height=\u00a0\u00bbyes\u00a0\u00bb content_placement=\u00a0\u00bbmiddle\u00a0\u00bb][vc_column width=\u00a0\u00bb1\/4&Prime;][vc_single_image image=\u00a0\u00bb50&Prime; img_size=\u00a0\u00bb100&#215;100&Prime;&hellip;<\/p>\n","protected":false},"author":4,"featured_media":0,"parent":0,"menu_order":0,"comment_status":"closed","ping_status":"closed","template":"","meta":[],"class_list":["post-23","page","type-page","status-publish","hentry","description-off"],"acf":[],"yoast_head":"<!-- This site is optimized with the Yoast SEO plugin v21.9.1 - https:\/\/yoast.com\/wordpress\/plugins\/seo\/ -->\n<title>Site officiel | Fourri\u00e8re de Valbonne \/ Sophia Antipolis | Infos pratiques<\/title>\n<meta name=\"description\" content=\"Information sur la proc\u00e9dure de r\u00e9cup\u00e9ration de votre v\u00e9hicule. Frais de fourri\u00e8re et documents \u00e0 fournir. Contactez nous pour plus d&#039;informations.\" \/>\n<meta name=\"robots\" content=\"index, follow, max-snippet:-1, max-image-preview:large, max-video-preview:-1\" \/>\n<link rel=\"canonical\" href=\"https:\/\/fourriere-intercommunale.com\/index.php\/valbonne-sophia-antipolis\/\" \/>\n<meta property=\"og:locale\" content=\"fr_FR\" \/>\n<meta property=\"og:type\" content=\"article\" \/>\n<meta property=\"og:title\" content=\"Site officiel | Fourri\u00e8re de Valbonne \/ Sophia Antipolis | Infos pratiques\" \/>\n<meta property=\"og:description\" content=\"Information sur la proc\u00e9dure de r\u00e9cup\u00e9ration de votre v\u00e9hicule. Frais de fourri\u00e8re et documents \u00e0 fournir. Contactez nous pour plus d&#039;informations.\" \/>\n<meta property=\"og:url\" content=\"https:\/\/fourriere-intercommunale.com\/index.php\/valbonne-sophia-antipolis\/\" \/>\n<meta property=\"og:site_name\" content=\"Fourri\u00e8re Intercommunale\" \/>\n<meta property=\"article:modified_time\" content=\"2017-08-21T13:49:54+00:00\" \/>\n<meta name=\"twitter:card\" content=\"summary_large_image\" \/>\n<meta name=\"twitter:label1\" content=\"Dur\u00e9e de lecture estim\u00e9e\" \/>\n\t<meta name=\"twitter:data1\" content=\"2 minutes\" \/>\n<script type=\"application\/ld+json\" class=\"yoast-schema-graph\">{\"@context\":\"https:\/\/schema.org\",\"@graph\":[{\"@type\":\"WebPage\",\"@id\":\"https:\/\/fourriere-intercommunale.com\/index.php\/valbonne-sophia-antipolis\/\",\"url\":\"https:\/\/fourriere-intercommunale.com\/index.php\/valbonne-sophia-antipolis\/\",\"name\":\"Site officiel | Fourri\u00e8re de Valbonne \/ Sophia Antipolis | Infos pratiques\",\"isPartOf\":{\"@id\":\"https:\/\/fourriere-intercommunale.com\/#website\"},\"datePublished\":\"2017-07-19T17:45:28+00:00\",\"dateModified\":\"2017-08-21T13:49:54+00:00\",\"description\":\"Information sur la proc\u00e9dure de r\u00e9cup\u00e9ration de votre v\u00e9hicule. Frais de fourri\u00e8re et documents \u00e0 fournir. Contactez nous pour plus d'informations.\",\"breadcrumb\":{\"@id\":\"https:\/\/fourriere-intercommunale.com\/index.php\/valbonne-sophia-antipolis\/#breadcrumb\"},\"inLanguage\":\"fr-FR\",\"potentialAction\":[{\"@type\":\"ReadAction\",\"target\":[\"https:\/\/fourriere-intercommunale.com\/index.php\/valbonne-sophia-antipolis\/\"]}]},{\"@type\":\"BreadcrumbList\",\"@id\":\"https:\/\/fourriere-intercommunale.com\/index.php\/valbonne-sophia-antipolis\/#breadcrumb\",\"itemListElement\":[{\"@type\":\"ListItem\",\"position\":1,\"name\":\"Accueil\",\"item\":\"https:\/\/fourriere-intercommunale.com\/\"},{\"@type\":\"ListItem\",\"position\":2,\"name\":\"Valbonne \/ Sophia antipolis\"}]},{\"@type\":\"WebSite\",\"@id\":\"https:\/\/fourriere-intercommunale.com\/#website\",\"url\":\"https:\/\/fourriere-intercommunale.com\/\",\"name\":\"Fourri\u00e8re Intercommunale\",\"description\":\"Infos et Contact Fourri\u00e8res\",\"potentialAction\":[{\"@type\":\"SearchAction\",\"target\":{\"@type\":\"EntryPoint\",\"urlTemplate\":\"https:\/\/fourriere-intercommunale.com\/?s={search_term_string}\"},\"query-input\":\"required name=search_term_string\"}],\"inLanguage\":\"fr-FR\"}]}<\/script>\n<!-- \/ Yoast SEO plugin. -->","yoast_head_json":{"title":"Site officiel | Fourri\u00e8re de Valbonne \/ Sophia Antipolis | Infos pratiques","description":"Information sur la proc\u00e9dure de r\u00e9cup\u00e9ration de votre v\u00e9hicule. Frais de fourri\u00e8re et documents \u00e0 fournir. Contactez nous pour plus d'informations.","robots":{"index":"index","follow":"follow","max-snippet":"max-snippet:-1","max-image-preview":"max-image-preview:large","max-video-preview":"max-video-preview:-1"},"canonical":"https:\/\/fourriere-intercommunale.com\/index.php\/valbonne-sophia-antipolis\/","og_locale":"fr_FR","og_type":"article","og_title":"Site officiel | Fourri\u00e8re de Valbonne \/ Sophia Antipolis | Infos pratiques","og_description":"Information sur la proc\u00e9dure de r\u00e9cup\u00e9ration de votre v\u00e9hicule. Frais de fourri\u00e8re et documents \u00e0 fournir. Contactez nous pour plus d'informations.","og_url":"https:\/\/fourriere-intercommunale.com\/index.php\/valbonne-sophia-antipolis\/","og_site_name":"Fourri\u00e8re Intercommunale","article_modified_time":"2017-08-21T13:49:54+00:00","twitter_card":"summary_large_image","twitter_misc":{"Dur\u00e9e de lecture estim\u00e9e":"2 minutes"},"schema":{"@context":"https:\/\/schema.org","@graph":[{"@type":"WebPage","@id":"https:\/\/fourriere-intercommunale.com\/index.php\/valbonne-sophia-antipolis\/","url":"https:\/\/fourriere-intercommunale.com\/index.php\/valbonne-sophia-antipolis\/","name":"Site officiel | Fourri\u00e8re de Valbonne \/ Sophia Antipolis | Infos pratiques","isPartOf":{"@id":"https:\/\/fourriere-intercommunale.com\/#website"},"datePublished":"2017-07-19T17:45:28+00:00","dateModified":"2017-08-21T13:49:54+00:00","description":"Information sur la proc\u00e9dure de r\u00e9cup\u00e9ration de votre v\u00e9hicule. Frais de fourri\u00e8re et documents \u00e0 fournir. Contactez nous pour plus d'informations.","breadcrumb":{"@id":"https:\/\/fourriere-intercommunale.com\/index.php\/valbonne-sophia-antipolis\/#breadcrumb"},"inLanguage":"fr-FR","potentialAction":[{"@type":"ReadAction","target":["https:\/\/fourriere-intercommunale.com\/index.php\/valbonne-sophia-antipolis\/"]}]},{"@type":"BreadcrumbList","@id":"https:\/\/fourriere-intercommunale.com\/index.php\/valbonne-sophia-antipolis\/#breadcrumb","itemListElement":[{"@type":"ListItem","position":1,"name":"Accueil","item":"https:\/\/fourriere-intercommunale.com\/"},{"@type":"ListItem","position":2,"name":"Valbonne \/ Sophia antipolis"}]},{"@type":"WebSite","@id":"https:\/\/fourriere-intercommunale.com\/#website","url":"https:\/\/fourriere-intercommunale.com\/","name":"Fourri\u00e8re Intercommunale","description":"Infos et Contact Fourri\u00e8res","potentialAction":[{"@type":"SearchAction","target":{"@type":"EntryPoint","urlTemplate":"https:\/\/fourriere-intercommunale.com\/?s={search_term_string}"},"query-input":"required name=search_term_string"}],"inLanguage":"fr-FR"}]}},"_links":{"self":[{"href":"https:\/\/fourriere-intercommunale.com\/index.php\/wp-json\/wp\/v2\/pages\/23","targetHints":{"allow":["GET"]}}],"collection":[{"href":"https:\/\/fourriere-intercommunale.com\/index.php\/wp-json\/wp\/v2\/pages"}],"about":[{"href":"https:\/\/fourriere-intercommunale.com\/index.php\/wp-json\/wp\/v2\/types\/page"}],"author":[{"embeddable":true,"href":"https:\/\/fourriere-intercommunale.com\/index.php\/wp-json\/wp\/v2\/users\/4"}],"replies":[{"embeddable":true,"href":"https:\/\/fourriere-intercommunale.com\/index.php\/wp-json\/wp\/v2\/comments?post=23"}],"version-history":[{"count":8,"href":"https:\/\/fourriere-intercommunale.com\/index.php\/wp-json\/wp\/v2\/pages\/23\/revisions"}],"predecessor-version":[{"id":348,"href":"https:\/\/fourriere-intercommunale.com\/index.php\/wp-json\/wp\/v2\/pages\/23\/revisions\/348"}],"wp:attachment":[{"href":"https:\/\/fourriere-intercommunale.com\/index.php\/wp-json\/wp\/v2\/media?parent=23"}],"curies":[{"name":"wp","href":"https:\/\/api.w.org\/{rel}","templated":true}]}}