{"id":189,"date":"2017-07-28T10:33:41","date_gmt":"2017-07-28T08:33:41","guid":{"rendered":"http:\/\/fourriere-intercommunale.com\/?page_id=189"},"modified":"2021-11-25T14:39:23","modified_gmt":"2021-11-25T13:39:23","slug":"informazioni-pratiche","status":"publish","type":"page","link":"https:\/\/fourriere-intercommunale.com\/index.php\/it\/informazioni-pratiche\/","title":{"rendered":"Informazioni Pratiche"},"content":{"rendered":"<p>[vc_row][vc_column][vc_empty_space height=\u00a0\u00bb50px\u00a0\u00bb][vc_tta_accordion][vc_tta_section title=\u00a0\u00bbChe cosa succede se il mio veicolo pu\u00f2 finire al deposito?\u00a0\u00bb tab_id=\u00a0\u00bb1500995975986-4d409b14-4e59&Prime;][vc_column_text]<br \/>\nIl veicolo pu\u00f2 finire al canile per un parcheggio:<\/p>\n<p>imbarazzante<br \/>\nabusivo<br \/>\npericoloso<br \/>\n[\/vc_column_text][\/vc_tta_section][vc_tta_section title=\u00a0\u00bbChi pu\u00f2 procedere alla rimozione del mio veicolo?\u00a0\u00bb tab_id=\u00a0\u00bb1500995975987-a0033c3b-8416&Prime;][vc_column_text]La polizia nazionali e comunali, la polizia o il sindaco.[\/vc_column_text][\/vc_tta_section][vc_tta_section title=\u00a0\u00bbCome ottenere il mio veicolo sotto sequestro?\u00a0\u00bb tab_id=\u00a0\u00bb1500996063142-63e0a151-d91a\u00a0\u00bb][vc_column_text]In primo luogo si deve andare all&rsquo;autorit\u00e0 richiedente per elaborare il rapimento con i seguenti documenti:<\/p>\n<p>scheda grigia controllo tecnico valido,<br \/>\nassicurazione valida,<br \/>\npatente di guida,<br \/>\ndi ottenere una \u00ab\u00a0main lev\u00e9e\u00a0\u00bb a libbra. Allora avete bisogno di raggiungere il parco con la sterlina questa mano libera che ci permette di tornare a te, contro il pagamento delle tasse, il vostro veicolo.<br \/>\n[\/vc_column_text][\/vc_tta_section][vc_tta_section title=\u00a0\u00bbCome va se arrivo prima o durante ritiro?\u00a0\u00bb tab_id=\u00a0\u00bb1500996071736-c136d7f7-a7ce\u00a0\u00bb][vc_column_text]<br \/>\nSe si arriva quando la societ\u00e0 di rimorchio sta per rimuovere il veicolo e solo due ruote sono state revocate, il veicolo non viene presa per la sterlina, ma sar\u00e0, tuttavia, \u00e8 coprire i costi di rimozione in loco. Si deve pagare l&rsquo;importo del grumo di mandorle riceverete in seguito.<br \/>\n[\/vc_column_text][\/vc_tta_section][vc_tta_section title=\u00a0\u00bbChe cosa accadr\u00e0 se non ottengo la mia auto entro 3 giorni?\u00a0\u00bb tab_id=\u00a0\u00bb1500996070562-8ed6d646-b41d\u00a0\u00bb][vc_column_text]Il veicolo viene valutata su richiesta dell&rsquo;autorit\u00e0 richiedente, dopo l&rsquo;identificazione proprietario del veicolo. Quest&rsquo;ultimo viene poi classificata da un esperto automobilistico indipendente come valore. Secondo la categoria di rating, il proprietario ha 10 a 30 giorni, ai sensi dell&rsquo;articolo L325-7 del codice della strada per recuperare il suo veicolo dopo aver ricevuto notifica di procedere al sequestro inviata dalla autorit\u00e0 territoriale competente al cartoncino grigio. Se il veicolo \u00e8 identificabile, questo periodo inizia a decorrere dal giorno della perizia.[\/vc_column_text][\/vc_tta_section][vc_tta_section title=\u00a0\u00bbA quanto ammontano le spese di sequestro?\u00a0\u00bb tab_id=\u00a0\u00bb1500996068815-7ff9aa54-73a0&Prime;][vc_column_text]Sono pagati in aggiunta alla multa fissa di recuperare il veicolo:<\/p>\n<p>costi di rimozione: 121,27 \u20ac (150 \u20ac e 126 \u20ac a Parigi a Marsiglia, Lione e Tolosa);<br \/>\nle spese di assistenza giorno: 6,42 \u20ac (29 \u20ac e 10 \u20ac a Parigi a Marsiglia, Lione e Tolosa);[\/vc_column_text][\/vc_tta_section][vc_tta_section title=\u00a0\u00bbChe cosa devo fare per recuperare un veicolo che io non sono il proprietario?\u00a0\u00bb tab_id=\u00a0\u00bb1500996067481-78d1d643-8f01&Prime;][vc_column_text]\u00c8 necessario presentare:<\/p>\n<p>una potenza scritta e firmata della procura della mano del proprietario<br \/>\nla sua carta d&rsquo;identit\u00e0<br \/>\nla licenza<br \/>\nil Car-diario di bordo<br \/>\nil certificato di assicurazione valido.<\/p>\n<p>[\/vc_column_text][\/vc_tta_section][vc_tta_section title=\u00a0\u00bbCome pagare le tasse?\u00a0\u00bb tab_id=\u00a0\u00bb1500996066528-3fd5e5f3-510c\u00a0\u00bb][vc_column_text]\u00c8 possibile pagare con carta di credito o in contanti.[\/vc_column_text][\/vc_tta_section][vc_tta_section title=\u00a0\u00bbDove andare, se non riesco a trovare la mia auto?\u00a0\u00bb tab_id=\u00a0\u00bb1500996065476-87310f13-0638&Prime;][vc_column_text]Alla polizia municipale del comune del luogo di rimozione.[\/vc_column_text][\/vc_tta_section][vc_tta_section title=\u00a0\u00bbSar\u00e0 il mio veicolo prestare attenzione per la sterlina se non pago una tassa di parcheggio?\u00a0\u00bb tab_id=\u00a0\u00bb1500996365749-a3e587cc-ae5a\u00a0\u00bb][vc_column_text]No, il veicolo non pu\u00f2 essere collocato nella libbra per il mancato pagamento del biglietto di parcheggio obbligatorio.[\/vc_column_text][\/vc_tta_section][vc_tta_section title=\u00a0\u00bbChe cosa accadr\u00e0 se faccio ostacolo per il sequestro?\u00a0\u00bb tab_id=\u00a0\u00bb1500996368048-4de56166-e51a\u00a0\u00bb][vc_column_text]Si pu\u00f2 essere punito con tre mesi di reclusione e una multa di 3750 \u20ac[\/vc_column_text][\/vc_tta_section][vc_tta_section title=\u00a0\u00bbChe cosa accadr\u00e0 se non ho ricevuto alcuna del mio veicolo?\u00a0\u00bb tab_id=\u00a0\u00bb1500996439669-0ede362b-9d2f\u00a0\u00bb][vc_column_text]Secondo il risultato della perizia, pu\u00f2 essere consegnato alla zona che cercher\u00e0 di mettere in vendita all&rsquo;asta o la distruzione. O pu\u00f2 saltare direttamente alla distruzione.[\/vc_column_text][\/vc_tta_section][vc_tta_section title=\u00a0\u00bbChe cosa succede se ho notato una degradazione?\u00a0\u00bb tab_id=\u00a0\u00bb1500996443383-c69c6866-b44d\u00a0\u00bb][vc_column_text]Se si nota un peggioramento nel veicolo durante il ritiro, \u00e8 necessario informare, prima di lasciare il parco, il servizio libbra. Le forze stanno sequestro di requisizione con uno stato descrittivo prima della rimozione del veicolo.[\/vc_column_text][\/vc_tta_section][vc_tta_section title=\u00a0\u00bbCome sfidare il sequestro?\u00a0\u00bb tab_id=\u00a0\u00bb1500996441791-ac5febf2-8119&Prime;][vc_column_text]Al ricevimento del verbale di reato, si segnala l&rsquo;indirizzo dove inviare la controversia per posta. \u00c8 necessario contattare il procuratore distrettuale affiliato con il tribunale distrettuale del luogo di rimozione.[\/vc_column_text][\/vc_tta_section][\/vc_tta_accordion][\/vc_column][\/vc_row]<\/p>\n","protected":false},"excerpt":{"rendered":"<p>[vc_row][vc_column][vc_empty_space height=\u00a0\u00bb50px\u00a0\u00bb][vc_tta_accordion][vc_tta_section title=\u00a0\u00bbChe cosa succede se il mio veicolo pu\u00f2 finire al deposito?\u00a0\u00bb tab_id=\u00a0\u00bb1500995975986-4d409b14-4e59&Prime;][vc_column_text] Il veicolo pu\u00f2 finire al canile per un parcheggio: imbarazzante abusivo pericoloso [\/vc_column_text][\/vc_tta_section][vc_tta_section title=\u00a0\u00bbChi pu\u00f2 procedere alla rimozione del mio veicolo?\u00a0\u00bb tab_id=\u00a0\u00bb1500995975987-a0033c3b-8416&Prime;][vc_column_text]La polizia nazionali e comunali, la polizia o il sindaco.[\/vc_column_text][\/vc_tta_section][vc_tta_section title=\u00a0\u00bbCome ottenere il mio veicolo sotto sequestro?\u00a0\u00bb tab_id=\u00a0\u00bb1500996063142-63e0a151-d91a\u00a0\u00bb][vc_column_text]In primo luogo&hellip;<\/p>\n","protected":false},"author":4,"featured_media":0,"parent":0,"menu_order":0,"comment_status":"closed","ping_status":"closed","template":"","meta":[],"class_list":["post-189","page","type-page","status-publish","hentry","description-off"],"acf":[],"yoast_head":"<!-- This site is optimized with the Yoast SEO plugin v21.9.1 - https:\/\/yoast.com\/wordpress\/plugins\/seo\/ -->\n<title>Informazioni Pratiche | Fourri\u00e8re Intercommunale<\/title>\n<meta name=\"robots\" content=\"index, follow, max-snippet:-1, max-image-preview:large, max-video-preview:-1\" \/>\n<link rel=\"canonical\" href=\"https:\/\/fourriere-intercommunale.com\/index.php\/it\/informazioni-pratiche\/\" \/>\n<meta property=\"og:locale\" content=\"fr_FR\" \/>\n<meta property=\"og:type\" content=\"article\" \/>\n<meta property=\"og:title\" content=\"Informazioni Pratiche | Fourri\u00e8re Intercommunale\" \/>\n<meta property=\"og:description\" content=\"[vc_row][vc_column][vc_empty_space height=\u00a0\u00bb50px\u00a0\u00bb][vc_tta_accordion][vc_tta_section title=\u00a0\u00bbChe cosa succede se il mio veicolo pu\u00f2 finire al deposito?\u00a0\u00bb tab_id=\u00a0\u00bb1500995975986-4d409b14-4e59&Prime;][vc_column_text] Il veicolo pu\u00f2 finire al canile per un parcheggio: imbarazzante abusivo pericoloso [\/vc_column_text][\/vc_tta_section][vc_tta_section title=\u00a0\u00bbChi pu\u00f2 procedere alla rimozione del mio veicolo?\u00a0\u00bb tab_id=\u00a0\u00bb1500995975987-a0033c3b-8416&Prime;][vc_column_text]La polizia nazionali e comunali, la polizia o il sindaco.[\/vc_column_text][\/vc_tta_section][vc_tta_section title=\u00a0\u00bbCome ottenere il mio veicolo sotto sequestro?\u00a0\u00bb tab_id=\u00a0\u00bb1500996063142-63e0a151-d91a\u00a0\u00bb][vc_column_text]In primo luogo&hellip;\" \/>\n<meta property=\"og:url\" content=\"https:\/\/fourriere-intercommunale.com\/index.php\/it\/informazioni-pratiche\/\" \/>\n<meta property=\"og:site_name\" content=\"Fourri\u00e8re Intercommunale\" \/>\n<meta property=\"article:modified_time\" content=\"2021-11-25T13:39:23+00:00\" \/>\n<meta name=\"twitter:card\" content=\"summary_large_image\" \/>\n<meta name=\"twitter:label1\" content=\"Dur\u00e9e de lecture estim\u00e9e\" \/>\n\t<meta name=\"twitter:data1\" content=\"4 minutes\" \/>\n<script type=\"application\/ld+json\" class=\"yoast-schema-graph\">{\"@context\":\"https:\/\/schema.org\",\"@graph\":[{\"@type\":\"WebPage\",\"@id\":\"https:\/\/fourriere-intercommunale.com\/index.php\/it\/informazioni-pratiche\/\",\"url\":\"https:\/\/fourriere-intercommunale.com\/index.php\/it\/informazioni-pratiche\/\",\"name\":\"Informazioni Pratiche | Fourri\u00e8re Intercommunale\",\"isPartOf\":{\"@id\":\"https:\/\/fourriere-intercommunale.com\/#website\"},\"datePublished\":\"2017-07-28T08:33:41+00:00\",\"dateModified\":\"2021-11-25T13:39:23+00:00\",\"breadcrumb\":{\"@id\":\"https:\/\/fourriere-intercommunale.com\/index.php\/it\/informazioni-pratiche\/#breadcrumb\"},\"inLanguage\":\"fr-FR\",\"potentialAction\":[{\"@type\":\"ReadAction\",\"target\":[\"https:\/\/fourriere-intercommunale.com\/index.php\/it\/informazioni-pratiche\/\"]}]},{\"@type\":\"BreadcrumbList\",\"@id\":\"https:\/\/fourriere-intercommunale.com\/index.php\/it\/informazioni-pratiche\/#breadcrumb\",\"itemListElement\":[{\"@type\":\"ListItem\",\"position\":1,\"name\":\"Accueil\",\"item\":\"https:\/\/fourriere-intercommunale.com\/\"},{\"@type\":\"ListItem\",\"position\":2,\"name\":\"Informazioni Pratiche\"}]},{\"@type\":\"WebSite\",\"@id\":\"https:\/\/fourriere-intercommunale.com\/#website\",\"url\":\"https:\/\/fourriere-intercommunale.com\/\",\"name\":\"Fourri\u00e8re Intercommunale\",\"description\":\"Infos et Contact Fourri\u00e8res\",\"potentialAction\":[{\"@type\":\"SearchAction\",\"target\":{\"@type\":\"EntryPoint\",\"urlTemplate\":\"https:\/\/fourriere-intercommunale.com\/?s={search_term_string}\"},\"query-input\":\"required name=search_term_string\"}],\"inLanguage\":\"fr-FR\"}]}<\/script>\n<!-- \/ Yoast SEO plugin. -->","yoast_head_json":{"title":"Informazioni Pratiche | Fourri\u00e8re Intercommunale","robots":{"index":"index","follow":"follow","max-snippet":"max-snippet:-1","max-image-preview":"max-image-preview:large","max-video-preview":"max-video-preview:-1"},"canonical":"https:\/\/fourriere-intercommunale.com\/index.php\/it\/informazioni-pratiche\/","og_locale":"fr_FR","og_type":"article","og_title":"Informazioni Pratiche | Fourri\u00e8re Intercommunale","og_description":"[vc_row][vc_column][vc_empty_space height=\u00a0\u00bb50px\u00a0\u00bb][vc_tta_accordion][vc_tta_section title=\u00a0\u00bbChe cosa succede se il mio veicolo pu\u00f2 finire al deposito?\u00a0\u00bb tab_id=\u00a0\u00bb1500995975986-4d409b14-4e59&Prime;][vc_column_text] Il veicolo pu\u00f2 finire al canile per un parcheggio: imbarazzante abusivo pericoloso [\/vc_column_text][\/vc_tta_section][vc_tta_section title=\u00a0\u00bbChi pu\u00f2 procedere alla rimozione del mio veicolo?\u00a0\u00bb tab_id=\u00a0\u00bb1500995975987-a0033c3b-8416&Prime;][vc_column_text]La polizia nazionali e comunali, la polizia o il sindaco.[\/vc_column_text][\/vc_tta_section][vc_tta_section title=\u00a0\u00bbCome ottenere il mio veicolo sotto sequestro?\u00a0\u00bb tab_id=\u00a0\u00bb1500996063142-63e0a151-d91a\u00a0\u00bb][vc_column_text]In primo luogo&hellip;","og_url":"https:\/\/fourriere-intercommunale.com\/index.php\/it\/informazioni-pratiche\/","og_site_name":"Fourri\u00e8re Intercommunale","article_modified_time":"2021-11-25T13:39:23+00:00","twitter_card":"summary_large_image","twitter_misc":{"Dur\u00e9e de lecture estim\u00e9e":"4 minutes"},"schema":{"@context":"https:\/\/schema.org","@graph":[{"@type":"WebPage","@id":"https:\/\/fourriere-intercommunale.com\/index.php\/it\/informazioni-pratiche\/","url":"https:\/\/fourriere-intercommunale.com\/index.php\/it\/informazioni-pratiche\/","name":"Informazioni Pratiche | Fourri\u00e8re Intercommunale","isPartOf":{"@id":"https:\/\/fourriere-intercommunale.com\/#website"},"datePublished":"2017-07-28T08:33:41+00:00","dateModified":"2021-11-25T13:39:23+00:00","breadcrumb":{"@id":"https:\/\/fourriere-intercommunale.com\/index.php\/it\/informazioni-pratiche\/#breadcrumb"},"inLanguage":"fr-FR","potentialAction":[{"@type":"ReadAction","target":["https:\/\/fourriere-intercommunale.com\/index.php\/it\/informazioni-pratiche\/"]}]},{"@type":"BreadcrumbList","@id":"https:\/\/fourriere-intercommunale.com\/index.php\/it\/informazioni-pratiche\/#breadcrumb","itemListElement":[{"@type":"ListItem","position":1,"name":"Accueil","item":"https:\/\/fourriere-intercommunale.com\/"},{"@type":"ListItem","position":2,"name":"Informazioni Pratiche"}]},{"@type":"WebSite","@id":"https:\/\/fourriere-intercommunale.com\/#website","url":"https:\/\/fourriere-intercommunale.com\/","name":"Fourri\u00e8re Intercommunale","description":"Infos et Contact Fourri\u00e8res","potentialAction":[{"@type":"SearchAction","target":{"@type":"EntryPoint","urlTemplate":"https:\/\/fourriere-intercommunale.com\/?s={search_term_string}"},"query-input":"required name=search_term_string"}],"inLanguage":"fr-FR"}]}},"_links":{"self":[{"href":"https:\/\/fourriere-intercommunale.com\/index.php\/wp-json\/wp\/v2\/pages\/189","targetHints":{"allow":["GET"]}}],"collection":[{"href":"https:\/\/fourriere-intercommunale.com\/index.php\/wp-json\/wp\/v2\/pages"}],"about":[{"href":"https:\/\/fourriere-intercommunale.com\/index.php\/wp-json\/wp\/v2\/types\/page"}],"author":[{"embeddable":true,"href":"https:\/\/fourriere-intercommunale.com\/index.php\/wp-json\/wp\/v2\/users\/4"}],"replies":[{"embeddable":true,"href":"https:\/\/fourriere-intercommunale.com\/index.php\/wp-json\/wp\/v2\/comments?post=189"}],"version-history":[{"count":6,"href":"https:\/\/fourriere-intercommunale.com\/index.php\/wp-json\/wp\/v2\/pages\/189\/revisions"}],"predecessor-version":[{"id":448,"href":"https:\/\/fourriere-intercommunale.com\/index.php\/wp-json\/wp\/v2\/pages\/189\/revisions\/448"}],"wp:attachment":[{"href":"https:\/\/fourriere-intercommunale.com\/index.php\/wp-json\/wp\/v2\/media?parent=189"}],"curies":[{"name":"wp","href":"https:\/\/api.w.org\/{rel}","templated":true}]}}