{"id":173,"date":"2017-07-28T09:47:39","date_gmt":"2017-07-28T07:47:39","guid":{"rendered":"http:\/\/fourriere-intercommunale.com\/?page_id=173"},"modified":"2021-11-25T14:34:40","modified_gmt":"2021-11-25T13:34:40","slug":"tarifas","status":"publish","type":"page","link":"https:\/\/fourriere-intercommunale.com\/index.php\/es\/tarifas\/","title":{"rendered":"Tarifas"},"content":{"rendered":"<p>[vc_row][vc_column][vc_empty_space][vc_column_text]<\/p>\n<p style=\"text-align: center; font-size: 12px;\"><em>\u00ab\u00a0Las tarifas se establecen por decreto ministerial. Disponible en el sitio www.legifrance.gouv.fr. El orden de referencia es el del 02 de Agosto el a\u00f1o 2019 se modifica el Decreto del 14 de noviembre de 2001 cambi\u00f3 la fijaci\u00f3n de precios m\u00e1ximos para la tarifa de libras para las autom\u00f3viles \u00ab\u00a0<\/em><\/p>\n<p>[\/vc_column_text][\/vc_column][\/vc_row][vc_row][vc_column width=\u00a0\u00bb1\/2&Prime;][vc_custom_heading text=\u00a0\u00bbAutom\u00f3vil\u00a0\u00bb font_container=\u00a0\u00bbtag:h3|text_align:center\u00a0\u00bb use_theme_fonts=\u00a0\u00bbyes\u00a0\u00bb][vc_icon icon_fontawesome=\u00a0\u00bbfa fa-car\u00a0\u00bb color=\u00a0\u00bbcustom\u00a0\u00bb size=\u00a0\u00bblg\u00a0\u00bb align=\u00a0\u00bbcenter\u00a0\u00bb custom_color=\u00a0\u00bb#dd3333&Prime;][vc_column_text]<span style=\"font-size: 25px;\"><strong>1<sup>er<\/sup><\/strong><\/span> dia: 127,69\u20ac<\/p>\n<p><span style=\"font-size: 25px;\"><strong>+<\/strong><\/span> \u00a0por d\u00eda adicional : 6,42\u20ac<\/p>\n<p>&nbsp;[\/vc_column_text][vc_column_text]<span style=\"font-size: 20px;\"><strong>Ejemplo:<\/strong><\/span> Para 4 d\u00edas : 127,69 + 3*6,42 = 146,95\u20ac[\/vc_column_text][\/vc_column][vc_column width=\u00a0\u00bb1\/2&Prime;][vc_custom_heading text=\u00a0\u00bbMoticicleta\u00a0\u00bb font_container=\u00a0\u00bbtag:h3|text_align:center\u00a0\u00bb use_theme_fonts=\u00a0\u00bbyes\u00a0\u00bb][vc_icon icon_fontawesome=\u00a0\u00bbfa fa-motorcycle\u00a0\u00bb color=\u00a0\u00bbcustom\u00a0\u00bb size=\u00a0\u00bblg\u00a0\u00bb align=\u00a0\u00bbcenter\u00a0\u00bb custom_color=\u00a0\u00bb#dd3333&Prime;][vc_column_text]<span style=\"font-size: 25px;\"><strong>1<sup>er<\/sup><\/strong><\/span>\u00a0dia: 48,70\u20ac<\/p>\n<p><span style=\"font-size: 25px;\"><strong>+<\/strong><\/span> \u00a0por d\u00eda adicional : 3\u20ac<\/p>\n<p>&nbsp;[\/vc_column_text][vc_column_text]<span style=\"font-size: 20px;\"><strong>Ejemplo:<\/strong><\/span> Para 4 d\u00edas :48,70 + 3*3 = 57,70\u20ac[\/vc_column_text][\/vc_column][\/vc_row][vc_row][vc_column][vc_separator border_width=\u00a0\u00bb2&Prime; el_width=\u00a0\u00bb50&Prime;][\/vc_column][\/vc_row]<\/p>\n","protected":false},"excerpt":{"rendered":"<p>[vc_row][vc_column][vc_empty_space][vc_column_text] \u00ab\u00a0Las tarifas se establecen por decreto ministerial. Disponible en el sitio www.legifrance.gouv.fr. El orden de referencia es el del 02 de Agosto el a\u00f1o 2019 se modifica el Decreto del 14 de noviembre de 2001 cambi\u00f3 la fijaci\u00f3n de precios m\u00e1ximos para la tarifa de libras para las autom\u00f3viles \u00ab\u00a0 [\/vc_column_text][\/vc_column][\/vc_row][vc_row][vc_column width=\u00a0\u00bb1\/2&Prime;][vc_custom_heading text=\u00a0\u00bbAutom\u00f3vil\u00a0\u00bb font_container=\u00a0\u00bbtag:h3|text_align:center\u00a0\u00bb&hellip;<\/p>\n","protected":false},"author":4,"featured_media":0,"parent":0,"menu_order":0,"comment_status":"closed","ping_status":"closed","template":"","meta":[],"class_list":["post-173","page","type-page","status-publish","hentry","description-off"],"acf":[],"yoast_head":"<!-- This site is optimized with the Yoast SEO plugin v21.9.1 - https:\/\/yoast.com\/wordpress\/plugins\/seo\/ -->\n<title>Tarifas | Fourri\u00e8re Intercommunale<\/title>\n<meta name=\"robots\" content=\"index, follow, max-snippet:-1, max-image-preview:large, max-video-preview:-1\" \/>\n<link rel=\"canonical\" href=\"https:\/\/fourriere-intercommunale.com\/index.php\/es\/tarifas\/\" \/>\n<meta property=\"og:locale\" content=\"fr_FR\" \/>\n<meta property=\"og:type\" content=\"article\" \/>\n<meta property=\"og:title\" content=\"Tarifas | Fourri\u00e8re Intercommunale\" \/>\n<meta property=\"og:description\" content=\"[vc_row][vc_column][vc_empty_space][vc_column_text] \u00ab\u00a0Las tarifas se establecen por decreto ministerial. Disponible en el sitio www.legifrance.gouv.fr. El orden de referencia es el del 02 de Agosto el a\u00f1o 2019 se modifica el Decreto del 14 de noviembre de 2001 cambi\u00f3 la fijaci\u00f3n de precios m\u00e1ximos para la tarifa de libras para las autom\u00f3viles \u00ab\u00a0 [\/vc_column_text][\/vc_column][\/vc_row][vc_row][vc_column width=\u00a0\u00bb1\/2&Prime;][vc_custom_heading text=\u00a0\u00bbAutom\u00f3vil\u00a0\u00bb font_container=\u00a0\u00bbtag:h3|text_align:center\u00a0\u00bb&hellip;\" \/>\n<meta property=\"og:url\" content=\"https:\/\/fourriere-intercommunale.com\/index.php\/es\/tarifas\/\" \/>\n<meta property=\"og:site_name\" content=\"Fourri\u00e8re Intercommunale\" \/>\n<meta property=\"article:modified_time\" content=\"2021-11-25T13:34:40+00:00\" \/>\n<meta name=\"twitter:card\" content=\"summary_large_image\" \/>\n<meta name=\"twitter:label1\" content=\"Dur\u00e9e de lecture estim\u00e9e\" \/>\n\t<meta name=\"twitter:data1\" content=\"1 minute\" \/>\n<script type=\"application\/ld+json\" class=\"yoast-schema-graph\">{\"@context\":\"https:\/\/schema.org\",\"@graph\":[{\"@type\":\"WebPage\",\"@id\":\"https:\/\/fourriere-intercommunale.com\/index.php\/es\/tarifas\/\",\"url\":\"https:\/\/fourriere-intercommunale.com\/index.php\/es\/tarifas\/\",\"name\":\"Tarifas | Fourri\u00e8re Intercommunale\",\"isPartOf\":{\"@id\":\"https:\/\/fourriere-intercommunale.com\/#website\"},\"datePublished\":\"2017-07-28T07:47:39+00:00\",\"dateModified\":\"2021-11-25T13:34:40+00:00\",\"breadcrumb\":{\"@id\":\"https:\/\/fourriere-intercommunale.com\/index.php\/es\/tarifas\/#breadcrumb\"},\"inLanguage\":\"fr-FR\",\"potentialAction\":[{\"@type\":\"ReadAction\",\"target\":[\"https:\/\/fourriere-intercommunale.com\/index.php\/es\/tarifas\/\"]}]},{\"@type\":\"BreadcrumbList\",\"@id\":\"https:\/\/fourriere-intercommunale.com\/index.php\/es\/tarifas\/#breadcrumb\",\"itemListElement\":[{\"@type\":\"ListItem\",\"position\":1,\"name\":\"Accueil\",\"item\":\"https:\/\/fourriere-intercommunale.com\/\"},{\"@type\":\"ListItem\",\"position\":2,\"name\":\"Tarifas\"}]},{\"@type\":\"WebSite\",\"@id\":\"https:\/\/fourriere-intercommunale.com\/#website\",\"url\":\"https:\/\/fourriere-intercommunale.com\/\",\"name\":\"Fourri\u00e8re Intercommunale\",\"description\":\"Infos et Contact Fourri\u00e8res\",\"potentialAction\":[{\"@type\":\"SearchAction\",\"target\":{\"@type\":\"EntryPoint\",\"urlTemplate\":\"https:\/\/fourriere-intercommunale.com\/?s={search_term_string}\"},\"query-input\":\"required name=search_term_string\"}],\"inLanguage\":\"fr-FR\"}]}<\/script>\n<!-- \/ Yoast SEO plugin. -->","yoast_head_json":{"title":"Tarifas | Fourri\u00e8re Intercommunale","robots":{"index":"index","follow":"follow","max-snippet":"max-snippet:-1","max-image-preview":"max-image-preview:large","max-video-preview":"max-video-preview:-1"},"canonical":"https:\/\/fourriere-intercommunale.com\/index.php\/es\/tarifas\/","og_locale":"fr_FR","og_type":"article","og_title":"Tarifas | Fourri\u00e8re Intercommunale","og_description":"[vc_row][vc_column][vc_empty_space][vc_column_text] \u00ab\u00a0Las tarifas se establecen por decreto ministerial. Disponible en el sitio www.legifrance.gouv.fr. El orden de referencia es el del 02 de Agosto el a\u00f1o 2019 se modifica el Decreto del 14 de noviembre de 2001 cambi\u00f3 la fijaci\u00f3n de precios m\u00e1ximos para la tarifa de libras para las autom\u00f3viles \u00ab\u00a0 [\/vc_column_text][\/vc_column][\/vc_row][vc_row][vc_column width=\u00a0\u00bb1\/2&Prime;][vc_custom_heading text=\u00a0\u00bbAutom\u00f3vil\u00a0\u00bb font_container=\u00a0\u00bbtag:h3|text_align:center\u00a0\u00bb&hellip;","og_url":"https:\/\/fourriere-intercommunale.com\/index.php\/es\/tarifas\/","og_site_name":"Fourri\u00e8re Intercommunale","article_modified_time":"2021-11-25T13:34:40+00:00","twitter_card":"summary_large_image","twitter_misc":{"Dur\u00e9e de lecture estim\u00e9e":"1 minute"},"schema":{"@context":"https:\/\/schema.org","@graph":[{"@type":"WebPage","@id":"https:\/\/fourriere-intercommunale.com\/index.php\/es\/tarifas\/","url":"https:\/\/fourriere-intercommunale.com\/index.php\/es\/tarifas\/","name":"Tarifas | Fourri\u00e8re Intercommunale","isPartOf":{"@id":"https:\/\/fourriere-intercommunale.com\/#website"},"datePublished":"2017-07-28T07:47:39+00:00","dateModified":"2021-11-25T13:34:40+00:00","breadcrumb":{"@id":"https:\/\/fourriere-intercommunale.com\/index.php\/es\/tarifas\/#breadcrumb"},"inLanguage":"fr-FR","potentialAction":[{"@type":"ReadAction","target":["https:\/\/fourriere-intercommunale.com\/index.php\/es\/tarifas\/"]}]},{"@type":"BreadcrumbList","@id":"https:\/\/fourriere-intercommunale.com\/index.php\/es\/tarifas\/#breadcrumb","itemListElement":[{"@type":"ListItem","position":1,"name":"Accueil","item":"https:\/\/fourriere-intercommunale.com\/"},{"@type":"ListItem","position":2,"name":"Tarifas"}]},{"@type":"WebSite","@id":"https:\/\/fourriere-intercommunale.com\/#website","url":"https:\/\/fourriere-intercommunale.com\/","name":"Fourri\u00e8re Intercommunale","description":"Infos et Contact Fourri\u00e8res","potentialAction":[{"@type":"SearchAction","target":{"@type":"EntryPoint","urlTemplate":"https:\/\/fourriere-intercommunale.com\/?s={search_term_string}"},"query-input":"required name=search_term_string"}],"inLanguage":"fr-FR"}]}},"_links":{"self":[{"href":"https:\/\/fourriere-intercommunale.com\/index.php\/wp-json\/wp\/v2\/pages\/173","targetHints":{"allow":["GET"]}}],"collection":[{"href":"https:\/\/fourriere-intercommunale.com\/index.php\/wp-json\/wp\/v2\/pages"}],"about":[{"href":"https:\/\/fourriere-intercommunale.com\/index.php\/wp-json\/wp\/v2\/types\/page"}],"author":[{"embeddable":true,"href":"https:\/\/fourriere-intercommunale.com\/index.php\/wp-json\/wp\/v2\/users\/4"}],"replies":[{"embeddable":true,"href":"https:\/\/fourriere-intercommunale.com\/index.php\/wp-json\/wp\/v2\/comments?post=173"}],"version-history":[{"count":12,"href":"https:\/\/fourriere-intercommunale.com\/index.php\/wp-json\/wp\/v2\/pages\/173\/revisions"}],"predecessor-version":[{"id":446,"href":"https:\/\/fourriere-intercommunale.com\/index.php\/wp-json\/wp\/v2\/pages\/173\/revisions\/446"}],"wp:attachment":[{"href":"https:\/\/fourriere-intercommunale.com\/index.php\/wp-json\/wp\/v2\/media?parent=173"}],"curies":[{"name":"wp","href":"https:\/\/api.w.org\/{rel}","templated":true}]}}