{"id":169,"date":"2017-07-28T09:31:15","date_gmt":"2017-07-28T07:31:15","guid":{"rendered":"http:\/\/fourriere-intercommunale.com\/?page_id=169"},"modified":"2020-06-30T14:34:37","modified_gmt":"2020-06-30T12:34:37","slug":"pagina-iniziale","status":"publish","type":"page","link":"https:\/\/fourriere-intercommunale.com\/index.php\/it\/pagina-iniziale\/","title":{"rendered":"Pagina Iniziale"},"content":{"rendered":"<p>[vc_row full_width=\u00a0\u00bbstretch_row_content_no_spaces\u00a0\u00bb][vc_column][rev_slider_vc alias=\u00a0\u00bbaccueilit\u00a0\u00bb][\/vc_column][\/vc_row][vc_row full_width=\u00a0\u00bbstretch_row\u00a0\u00bb css=\u00a0\u00bb.vc_custom_1500735928488{background-color: rgba(226,226,226,0.57) !important;*background-color: rgb(226,226,226) !important;}\u00a0\u00bb][vc_column][vc_custom_heading text=\u00a0\u00bbPerch\u00e8 il mio veicolo \u00e8 stato rimosso?\u00a0\u00bb font_container=\u00a0\u00bbtag:h2|text_align:center|color:%23d63131&Prime; use_theme_fonts=\u00a0\u00bbyes\u00a0\u00bb][vc_row_inner][vc_column_inner][vc_column_text]<\/p>\n<p style=\"text-align: center;\"><span style=\"color: #808080;\">La ragione principale per sequestro \u00e8 illegalmente parcheggiati o pericolose o abusivo<\/span><\/p>\n<p>[\/vc_column_text][\/vc_column_inner][\/vc_row_inner][\/vc_column][\/vc_row][vc_row][vc_column][vc_custom_heading text=\u00a0\u00bbCome ottenere il mio veicolo?\u00a0\u00bb font_container=\u00a0\u00bbtag:h2|text_align:center|color:%23d63131&Prime; use_theme_fonts=\u00a0\u00bbyes\u00a0\u00bb][vc_column_text]<\/p>\n<p style=\"text-align: center;\"><span style=\"color: #808080;\">Le autorit\u00e0 che autorizzano della citt\u00e0 in questione, hanno trovato una violazione del codice della strada e il veicolo \u00e8 stato preso al canile. Contatto 04 93 43 54 55 dalle 9 alle 21 dal Lunedi al Sabato. Domenica e festivi, essere pi\u00f9 vicini alla polizia citt\u00e0 di sequestro di persona, che si metter\u00e0 in contatto il personale di chiamata per ripristinare il vostro veicolo dalle 9 alle 23. Si otterr\u00e0 una mano per libbra con l&rsquo;autorit\u00e0 per elaborare la requisizione di sequestro.<\/span><\/p>\n<p style=\"text-align: center;\"><span style=\"color: #808080;\">I nostri servizi di animali non accetta assegni e dettagli di commissioni \u00e8 disponibile sulla nostra pagina \u00ab\u00a0Tariffe\u00a0\u00bb.<\/span><\/p>\n<p>[\/vc_column_text][vc_column_text]<\/p>\n<p style=\"text-align: center;\"><span style=\"color: #808080;\">Ore speciali<\/span><\/p>\n<p style=\"text-align: center;\">.<\/p>\n<p style=\"text-align: center;\">[\/vc_column_text][\/vc_column][\/vc_row][vc_row][vc_column][vc_column_text]<\/p>\n<p>[\/vc_column_text][\/vc_column][\/vc_row]<\/p>\n","protected":false},"excerpt":{"rendered":"<p>[vc_row full_width=\u00a0\u00bbstretch_row_content_no_spaces\u00a0\u00bb][vc_column][rev_slider_vc alias=\u00a0\u00bbaccueilit\u00a0\u00bb][\/vc_column][\/vc_row][vc_row full_width=\u00a0\u00bbstretch_row\u00a0\u00bb css=\u00a0\u00bb.vc_custom_1500735928488{background-color: rgba(226,226,226,0.57) !important;*background-color: rgb(226,226,226) !important;}\u00a0\u00bb][vc_column][vc_custom_heading text=\u00a0\u00bbPerch\u00e8 il mio veicolo \u00e8 stato rimosso?\u00a0\u00bb font_container=\u00a0\u00bbtag:h2|text_align:center|color:%23d63131&Prime; use_theme_fonts=\u00a0\u00bbyes\u00a0\u00bb][vc_row_inner][vc_column_inner][vc_column_text] La ragione principale per sequestro \u00e8 illegalmente parcheggiati o pericolose o abusivo [\/vc_column_text][\/vc_column_inner][\/vc_row_inner][\/vc_column][\/vc_row][vc_row][vc_column][vc_custom_heading text=\u00a0\u00bbCome ottenere il mio veicolo?\u00a0\u00bb font_container=\u00a0\u00bbtag:h2|text_align:center|color:%23d63131&Prime; use_theme_fonts=\u00a0\u00bbyes\u00a0\u00bb][vc_column_text] Le autorit\u00e0 che autorizzano della citt\u00e0 in questione, hanno trovato una violazione del codice della strada e&hellip;<\/p>\n","protected":false},"author":4,"featured_media":0,"parent":0,"menu_order":0,"comment_status":"closed","ping_status":"closed","template":"","meta":[],"class_list":["post-169","page","type-page","status-publish","hentry","description-off"],"acf":[],"yoast_head":"<!-- This site is optimized with the Yoast SEO plugin v21.9.1 - https:\/\/yoast.com\/wordpress\/plugins\/seo\/ -->\n<title>Pagina Iniziale | Fourri\u00e8re Intercommunale<\/title>\n<meta name=\"robots\" content=\"index, follow, max-snippet:-1, max-image-preview:large, max-video-preview:-1\" \/>\n<link rel=\"canonical\" href=\"https:\/\/fourriere-intercommunale.com\/index.php\/it\/pagina-iniziale\/\" \/>\n<meta property=\"og:locale\" content=\"fr_FR\" \/>\n<meta property=\"og:type\" content=\"article\" \/>\n<meta property=\"og:title\" content=\"Pagina Iniziale | Fourri\u00e8re Intercommunale\" \/>\n<meta property=\"og:description\" content=\"[vc_row full_width=\u00a0\u00bbstretch_row_content_no_spaces\u00a0\u00bb][vc_column][rev_slider_vc alias=\u00a0\u00bbaccueilit\u00a0\u00bb][\/vc_column][\/vc_row][vc_row full_width=\u00a0\u00bbstretch_row\u00a0\u00bb css=\u00a0\u00bb.vc_custom_1500735928488{background-color: rgba(226,226,226,0.57) !important;*background-color: rgb(226,226,226) !important;}\u00a0\u00bb][vc_column][vc_custom_heading text=\u00a0\u00bbPerch\u00e8 il mio veicolo \u00e8 stato rimosso?\u00a0\u00bb font_container=\u00a0\u00bbtag:h2|text_align:center|color:%23d63131&Prime; use_theme_fonts=\u00a0\u00bbyes\u00a0\u00bb][vc_row_inner][vc_column_inner][vc_column_text] La ragione principale per sequestro \u00e8 illegalmente parcheggiati o pericolose o abusivo [\/vc_column_text][\/vc_column_inner][\/vc_row_inner][\/vc_column][\/vc_row][vc_row][vc_column][vc_custom_heading text=\u00a0\u00bbCome ottenere il mio veicolo?\u00a0\u00bb font_container=\u00a0\u00bbtag:h2|text_align:center|color:%23d63131&Prime; use_theme_fonts=\u00a0\u00bbyes\u00a0\u00bb][vc_column_text] Le autorit\u00e0 che autorizzano della citt\u00e0 in questione, hanno trovato una violazione del codice della strada e&hellip;\" \/>\n<meta property=\"og:url\" content=\"https:\/\/fourriere-intercommunale.com\/index.php\/it\/pagina-iniziale\/\" \/>\n<meta property=\"og:site_name\" content=\"Fourri\u00e8re Intercommunale\" \/>\n<meta property=\"article:modified_time\" content=\"2020-06-30T12:34:37+00:00\" \/>\n<meta name=\"twitter:card\" content=\"summary_large_image\" \/>\n<meta name=\"twitter:label1\" content=\"Dur\u00e9e de lecture estim\u00e9e\" \/>\n\t<meta name=\"twitter:data1\" content=\"1 minute\" \/>\n<script type=\"application\/ld+json\" class=\"yoast-schema-graph\">{\"@context\":\"https:\/\/schema.org\",\"@graph\":[{\"@type\":\"WebPage\",\"@id\":\"https:\/\/fourriere-intercommunale.com\/index.php\/it\/pagina-iniziale\/\",\"url\":\"https:\/\/fourriere-intercommunale.com\/index.php\/it\/pagina-iniziale\/\",\"name\":\"Pagina Iniziale | Fourri\u00e8re Intercommunale\",\"isPartOf\":{\"@id\":\"https:\/\/fourriere-intercommunale.com\/#website\"},\"datePublished\":\"2017-07-28T07:31:15+00:00\",\"dateModified\":\"2020-06-30T12:34:37+00:00\",\"breadcrumb\":{\"@id\":\"https:\/\/fourriere-intercommunale.com\/index.php\/it\/pagina-iniziale\/#breadcrumb\"},\"inLanguage\":\"fr-FR\",\"potentialAction\":[{\"@type\":\"ReadAction\",\"target\":[\"https:\/\/fourriere-intercommunale.com\/index.php\/it\/pagina-iniziale\/\"]}]},{\"@type\":\"BreadcrumbList\",\"@id\":\"https:\/\/fourriere-intercommunale.com\/index.php\/it\/pagina-iniziale\/#breadcrumb\",\"itemListElement\":[{\"@type\":\"ListItem\",\"position\":1,\"name\":\"Accueil\",\"item\":\"https:\/\/fourriere-intercommunale.com\/\"},{\"@type\":\"ListItem\",\"position\":2,\"name\":\"Pagina Iniziale\"}]},{\"@type\":\"WebSite\",\"@id\":\"https:\/\/fourriere-intercommunale.com\/#website\",\"url\":\"https:\/\/fourriere-intercommunale.com\/\",\"name\":\"Fourri\u00e8re Intercommunale\",\"description\":\"Infos et Contact Fourri\u00e8res\",\"potentialAction\":[{\"@type\":\"SearchAction\",\"target\":{\"@type\":\"EntryPoint\",\"urlTemplate\":\"https:\/\/fourriere-intercommunale.com\/?s={search_term_string}\"},\"query-input\":\"required name=search_term_string\"}],\"inLanguage\":\"fr-FR\"}]}<\/script>\n<!-- \/ Yoast SEO plugin. -->","yoast_head_json":{"title":"Pagina Iniziale | Fourri\u00e8re Intercommunale","robots":{"index":"index","follow":"follow","max-snippet":"max-snippet:-1","max-image-preview":"max-image-preview:large","max-video-preview":"max-video-preview:-1"},"canonical":"https:\/\/fourriere-intercommunale.com\/index.php\/it\/pagina-iniziale\/","og_locale":"fr_FR","og_type":"article","og_title":"Pagina Iniziale | Fourri\u00e8re Intercommunale","og_description":"[vc_row full_width=\u00a0\u00bbstretch_row_content_no_spaces\u00a0\u00bb][vc_column][rev_slider_vc alias=\u00a0\u00bbaccueilit\u00a0\u00bb][\/vc_column][\/vc_row][vc_row full_width=\u00a0\u00bbstretch_row\u00a0\u00bb css=\u00a0\u00bb.vc_custom_1500735928488{background-color: rgba(226,226,226,0.57) !important;*background-color: rgb(226,226,226) !important;}\u00a0\u00bb][vc_column][vc_custom_heading text=\u00a0\u00bbPerch\u00e8 il mio veicolo \u00e8 stato rimosso?\u00a0\u00bb font_container=\u00a0\u00bbtag:h2|text_align:center|color:%23d63131&Prime; use_theme_fonts=\u00a0\u00bbyes\u00a0\u00bb][vc_row_inner][vc_column_inner][vc_column_text] La ragione principale per sequestro \u00e8 illegalmente parcheggiati o pericolose o abusivo [\/vc_column_text][\/vc_column_inner][\/vc_row_inner][\/vc_column][\/vc_row][vc_row][vc_column][vc_custom_heading text=\u00a0\u00bbCome ottenere il mio veicolo?\u00a0\u00bb font_container=\u00a0\u00bbtag:h2|text_align:center|color:%23d63131&Prime; use_theme_fonts=\u00a0\u00bbyes\u00a0\u00bb][vc_column_text] Le autorit\u00e0 che autorizzano della citt\u00e0 in questione, hanno trovato una violazione del codice della strada e&hellip;","og_url":"https:\/\/fourriere-intercommunale.com\/index.php\/it\/pagina-iniziale\/","og_site_name":"Fourri\u00e8re Intercommunale","article_modified_time":"2020-06-30T12:34:37+00:00","twitter_card":"summary_large_image","twitter_misc":{"Dur\u00e9e de lecture estim\u00e9e":"1 minute"},"schema":{"@context":"https:\/\/schema.org","@graph":[{"@type":"WebPage","@id":"https:\/\/fourriere-intercommunale.com\/index.php\/it\/pagina-iniziale\/","url":"https:\/\/fourriere-intercommunale.com\/index.php\/it\/pagina-iniziale\/","name":"Pagina Iniziale | Fourri\u00e8re Intercommunale","isPartOf":{"@id":"https:\/\/fourriere-intercommunale.com\/#website"},"datePublished":"2017-07-28T07:31:15+00:00","dateModified":"2020-06-30T12:34:37+00:00","breadcrumb":{"@id":"https:\/\/fourriere-intercommunale.com\/index.php\/it\/pagina-iniziale\/#breadcrumb"},"inLanguage":"fr-FR","potentialAction":[{"@type":"ReadAction","target":["https:\/\/fourriere-intercommunale.com\/index.php\/it\/pagina-iniziale\/"]}]},{"@type":"BreadcrumbList","@id":"https:\/\/fourriere-intercommunale.com\/index.php\/it\/pagina-iniziale\/#breadcrumb","itemListElement":[{"@type":"ListItem","position":1,"name":"Accueil","item":"https:\/\/fourriere-intercommunale.com\/"},{"@type":"ListItem","position":2,"name":"Pagina Iniziale"}]},{"@type":"WebSite","@id":"https:\/\/fourriere-intercommunale.com\/#website","url":"https:\/\/fourriere-intercommunale.com\/","name":"Fourri\u00e8re Intercommunale","description":"Infos et Contact Fourri\u00e8res","potentialAction":[{"@type":"SearchAction","target":{"@type":"EntryPoint","urlTemplate":"https:\/\/fourriere-intercommunale.com\/?s={search_term_string}"},"query-input":"required name=search_term_string"}],"inLanguage":"fr-FR"}]}},"_links":{"self":[{"href":"https:\/\/fourriere-intercommunale.com\/index.php\/wp-json\/wp\/v2\/pages\/169","targetHints":{"allow":["GET"]}}],"collection":[{"href":"https:\/\/fourriere-intercommunale.com\/index.php\/wp-json\/wp\/v2\/pages"}],"about":[{"href":"https:\/\/fourriere-intercommunale.com\/index.php\/wp-json\/wp\/v2\/types\/page"}],"author":[{"embeddable":true,"href":"https:\/\/fourriere-intercommunale.com\/index.php\/wp-json\/wp\/v2\/users\/4"}],"replies":[{"embeddable":true,"href":"https:\/\/fourriere-intercommunale.com\/index.php\/wp-json\/wp\/v2\/comments?post=169"}],"version-history":[{"count":9,"href":"https:\/\/fourriere-intercommunale.com\/index.php\/wp-json\/wp\/v2\/pages\/169\/revisions"}],"predecessor-version":[{"id":429,"href":"https:\/\/fourriere-intercommunale.com\/index.php\/wp-json\/wp\/v2\/pages\/169\/revisions\/429"}],"wp:attachment":[{"href":"https:\/\/fourriere-intercommunale.com\/index.php\/wp-json\/wp\/v2\/media?parent=169"}],"curies":[{"name":"wp","href":"https:\/\/api.w.org\/{rel}","templated":true}]}}