{"id":132,"date":"2017-07-25T18:12:21","date_gmt":"2017-07-25T16:12:21","guid":{"rendered":"http:\/\/fourriere-intercommunale.com\/?page_id=132"},"modified":"2017-07-29T11:38:43","modified_gmt":"2017-07-29T09:38:43","slug":"service-dabandon","status":"publish","type":"page","link":"https:\/\/fourriere-intercommunale.com\/index.php\/service-dabandon\/","title":{"rendered":"Service d&rsquo;Abandon"},"content":{"rendered":"<p>[vc_row full_width=\u00a0\u00bbstretch_row\u00a0\u00bb css=\u00a0\u00bb.vc_custom_1500999184610{background-color: #eaeaea !important;}\u00a0\u00bb][vc_column][vc_custom_heading text=\u00a0\u00bbServices d&rsquo;Abandon\u00a0\u00bb font_container=\u00a0\u00bbtag:h2|text_align:center|color:%23d63131&Prime; use_theme_fonts=\u00a0\u00bbyes\u00a0\u00bb][vc_column_text]Un service de v\u00e9hicule hors d&rsquo;usage est propos\u00e9 :<\/p>\n<p>Afin de mettre en place ce service avec chaque particulier, nous vous proposons de vous rendre dans nos locaux avec les documents suivants :<\/p>\n<ul>\n<li>Carte Grise et\/ou certificat de cession<\/li>\n<li>Pi\u00e8ce\u00a0d&rsquo;identit\u00e9 \u00e0\u00a0votre nom<\/li>\n<li>Certificat de non gage<\/li>\n<\/ul>\n<p>Notre secr\u00e9tariat se chargera des formalit\u00e9s administratives demand\u00e9es par la pr\u00e9fecture si tout les documents sont en r\u00e8gle avec la l\u00e9gislation fran\u00e7aise.<\/p>\n<p>Suite \u00e0 l&rsquo;\u00e9laboration de la destruction administrative, nous conviendrons d&rsquo;un rendez-vous afin de pouvoir proc\u00e9der \u00e0 la destruction gratuite du v\u00e9hicule.<\/p>\n<p>N&rsquo;h\u00e9sitez pas \u00e0 nous t\u00e9l\u00e9phoner au <strong>04.93.43.54.55<\/strong> ou \u00e0 venir nous voir, nous restons \u00e0 votre disposition.[\/vc_column_text][\/vc_column][\/vc_row]<\/p>\n","protected":false},"excerpt":{"rendered":"<p>[vc_row full_width=\u00a0\u00bbstretch_row\u00a0\u00bb css=\u00a0\u00bb.vc_custom_1500999184610{background-color: #eaeaea !important;}\u00a0\u00bb][vc_column][vc_custom_heading text=\u00a0\u00bbServices d&rsquo;Abandon\u00a0\u00bb font_container=\u00a0\u00bbtag:h2|text_align:center|color:%23d63131&Prime; use_theme_fonts=\u00a0\u00bbyes\u00a0\u00bb][vc_column_text]Un service de v\u00e9hicule hors d&rsquo;usage est propos\u00e9 : Afin de mettre en place ce service avec chaque particulier, nous vous proposons de vous rendre dans nos locaux avec les documents suivants : Carte Grise et\/ou certificat de cession Pi\u00e8ce\u00a0d&rsquo;identit\u00e9 \u00e0\u00a0votre nom Certificat de non gage Notre&hellip;<\/p>\n","protected":false},"author":4,"featured_media":0,"parent":0,"menu_order":0,"comment_status":"closed","ping_status":"closed","template":"","meta":[],"class_list":["post-132","page","type-page","status-publish","hentry","description-off"],"acf":[],"yoast_head":"<!-- This site is optimized with the Yoast SEO plugin v21.9.1 - https:\/\/yoast.com\/wordpress\/plugins\/seo\/ -->\n<title>Service d&#039;Abandon | Fourri\u00e8re Intercommunale<\/title>\n<meta name=\"description\" content=\"D\u00e9couvrez le service d&#039;abandon de v\u00e9hicules hors d&#039;usage dans la r\u00e9gion de cannes. Fournissez simplement vos documents pour nos proc\u00e9dures administratives.\" \/>\n<meta name=\"robots\" content=\"index, follow, max-snippet:-1, max-image-preview:large, max-video-preview:-1\" \/>\n<link rel=\"canonical\" href=\"https:\/\/fourriere-intercommunale.com\/index.php\/service-dabandon\/\" \/>\n<meta property=\"og:locale\" content=\"fr_FR\" \/>\n<meta property=\"og:type\" content=\"article\" \/>\n<meta property=\"og:title\" content=\"Service d&#039;Abandon | Fourri\u00e8re Intercommunale\" \/>\n<meta property=\"og:description\" content=\"D\u00e9couvrez le service d&#039;abandon de v\u00e9hicules hors d&#039;usage dans la r\u00e9gion de cannes. Fournissez simplement vos documents pour nos proc\u00e9dures administratives.\" \/>\n<meta property=\"og:url\" content=\"https:\/\/fourriere-intercommunale.com\/index.php\/service-dabandon\/\" \/>\n<meta property=\"og:site_name\" content=\"Fourri\u00e8re Intercommunale\" \/>\n<meta property=\"article:modified_time\" content=\"2017-07-29T09:38:43+00:00\" \/>\n<meta name=\"twitter:card\" content=\"summary_large_image\" \/>\n<meta name=\"twitter:label1\" content=\"Dur\u00e9e de lecture estim\u00e9e\" \/>\n\t<meta name=\"twitter:data1\" content=\"1 minute\" \/>\n<script type=\"application\/ld+json\" class=\"yoast-schema-graph\">{\"@context\":\"https:\/\/schema.org\",\"@graph\":[{\"@type\":\"WebPage\",\"@id\":\"https:\/\/fourriere-intercommunale.com\/index.php\/service-dabandon\/\",\"url\":\"https:\/\/fourriere-intercommunale.com\/index.php\/service-dabandon\/\",\"name\":\"Service d'Abandon | Fourri\u00e8re Intercommunale\",\"isPartOf\":{\"@id\":\"https:\/\/fourriere-intercommunale.com\/#website\"},\"datePublished\":\"2017-07-25T16:12:21+00:00\",\"dateModified\":\"2017-07-29T09:38:43+00:00\",\"description\":\"D\u00e9couvrez le service d'abandon de v\u00e9hicules hors d'usage dans la r\u00e9gion de cannes. Fournissez simplement vos documents pour nos proc\u00e9dures administratives.\",\"breadcrumb\":{\"@id\":\"https:\/\/fourriere-intercommunale.com\/index.php\/service-dabandon\/#breadcrumb\"},\"inLanguage\":\"fr-FR\",\"potentialAction\":[{\"@type\":\"ReadAction\",\"target\":[\"https:\/\/fourriere-intercommunale.com\/index.php\/service-dabandon\/\"]}]},{\"@type\":\"BreadcrumbList\",\"@id\":\"https:\/\/fourriere-intercommunale.com\/index.php\/service-dabandon\/#breadcrumb\",\"itemListElement\":[{\"@type\":\"ListItem\",\"position\":1,\"name\":\"Accueil\",\"item\":\"https:\/\/fourriere-intercommunale.com\/\"},{\"@type\":\"ListItem\",\"position\":2,\"name\":\"Service d&rsquo;Abandon\"}]},{\"@type\":\"WebSite\",\"@id\":\"https:\/\/fourriere-intercommunale.com\/#website\",\"url\":\"https:\/\/fourriere-intercommunale.com\/\",\"name\":\"Fourri\u00e8re Intercommunale\",\"description\":\"Infos et Contact Fourri\u00e8res\",\"potentialAction\":[{\"@type\":\"SearchAction\",\"target\":{\"@type\":\"EntryPoint\",\"urlTemplate\":\"https:\/\/fourriere-intercommunale.com\/?s={search_term_string}\"},\"query-input\":\"required name=search_term_string\"}],\"inLanguage\":\"fr-FR\"}]}<\/script>\n<!-- \/ Yoast SEO plugin. -->","yoast_head_json":{"title":"Service d'Abandon | Fourri\u00e8re Intercommunale","description":"D\u00e9couvrez le service d'abandon de v\u00e9hicules hors d'usage dans la r\u00e9gion de cannes. Fournissez simplement vos documents pour nos proc\u00e9dures administratives.","robots":{"index":"index","follow":"follow","max-snippet":"max-snippet:-1","max-image-preview":"max-image-preview:large","max-video-preview":"max-video-preview:-1"},"canonical":"https:\/\/fourriere-intercommunale.com\/index.php\/service-dabandon\/","og_locale":"fr_FR","og_type":"article","og_title":"Service d'Abandon | Fourri\u00e8re Intercommunale","og_description":"D\u00e9couvrez le service d'abandon de v\u00e9hicules hors d'usage dans la r\u00e9gion de cannes. Fournissez simplement vos documents pour nos proc\u00e9dures administratives.","og_url":"https:\/\/fourriere-intercommunale.com\/index.php\/service-dabandon\/","og_site_name":"Fourri\u00e8re Intercommunale","article_modified_time":"2017-07-29T09:38:43+00:00","twitter_card":"summary_large_image","twitter_misc":{"Dur\u00e9e de lecture estim\u00e9e":"1 minute"},"schema":{"@context":"https:\/\/schema.org","@graph":[{"@type":"WebPage","@id":"https:\/\/fourriere-intercommunale.com\/index.php\/service-dabandon\/","url":"https:\/\/fourriere-intercommunale.com\/index.php\/service-dabandon\/","name":"Service d'Abandon | Fourri\u00e8re Intercommunale","isPartOf":{"@id":"https:\/\/fourriere-intercommunale.com\/#website"},"datePublished":"2017-07-25T16:12:21+00:00","dateModified":"2017-07-29T09:38:43+00:00","description":"D\u00e9couvrez le service d'abandon de v\u00e9hicules hors d'usage dans la r\u00e9gion de cannes. Fournissez simplement vos documents pour nos proc\u00e9dures administratives.","breadcrumb":{"@id":"https:\/\/fourriere-intercommunale.com\/index.php\/service-dabandon\/#breadcrumb"},"inLanguage":"fr-FR","potentialAction":[{"@type":"ReadAction","target":["https:\/\/fourriere-intercommunale.com\/index.php\/service-dabandon\/"]}]},{"@type":"BreadcrumbList","@id":"https:\/\/fourriere-intercommunale.com\/index.php\/service-dabandon\/#breadcrumb","itemListElement":[{"@type":"ListItem","position":1,"name":"Accueil","item":"https:\/\/fourriere-intercommunale.com\/"},{"@type":"ListItem","position":2,"name":"Service d&rsquo;Abandon"}]},{"@type":"WebSite","@id":"https:\/\/fourriere-intercommunale.com\/#website","url":"https:\/\/fourriere-intercommunale.com\/","name":"Fourri\u00e8re Intercommunale","description":"Infos et Contact Fourri\u00e8res","potentialAction":[{"@type":"SearchAction","target":{"@type":"EntryPoint","urlTemplate":"https:\/\/fourriere-intercommunale.com\/?s={search_term_string}"},"query-input":"required name=search_term_string"}],"inLanguage":"fr-FR"}]}},"_links":{"self":[{"href":"https:\/\/fourriere-intercommunale.com\/index.php\/wp-json\/wp\/v2\/pages\/132","targetHints":{"allow":["GET"]}}],"collection":[{"href":"https:\/\/fourriere-intercommunale.com\/index.php\/wp-json\/wp\/v2\/pages"}],"about":[{"href":"https:\/\/fourriere-intercommunale.com\/index.php\/wp-json\/wp\/v2\/types\/page"}],"author":[{"embeddable":true,"href":"https:\/\/fourriere-intercommunale.com\/index.php\/wp-json\/wp\/v2\/users\/4"}],"replies":[{"embeddable":true,"href":"https:\/\/fourriere-intercommunale.com\/index.php\/wp-json\/wp\/v2\/comments?post=132"}],"version-history":[{"count":4,"href":"https:\/\/fourriere-intercommunale.com\/index.php\/wp-json\/wp\/v2\/pages\/132\/revisions"}],"predecessor-version":[{"id":156,"href":"https:\/\/fourriere-intercommunale.com\/index.php\/wp-json\/wp\/v2\/pages\/132\/revisions\/156"}],"wp:attachment":[{"href":"https:\/\/fourriere-intercommunale.com\/index.php\/wp-json\/wp\/v2\/media?parent=132"}],"curies":[{"name":"wp","href":"https:\/\/api.w.org\/{rel}","templated":true}]}}