{"id":13,"date":"2017-07-19T19:43:03","date_gmt":"2017-07-19T17:43:03","guid":{"rendered":"http:\/\/fourriere-intercommunale.com\/?page_id=13"},"modified":"2023-02-10T10:39:35","modified_gmt":"2023-02-10T09:39:35","slug":"cannes","status":"publish","type":"page","link":"https:\/\/fourriere-intercommunale.com\/index.php\/cannes\/","title":{"rendered":"Cannes"},"content":{"rendered":"<p>[vc_row full_width=\u00a0\u00bbstretch_row_content\u00a0\u00bb css=\u00a0\u00bb.vc_custom_1500542422248{background-color: #e5e5e5 !important;}\u00a0\u00bb][vc_column][vc_custom_heading text=\u00a0\u00bbFourri\u00e8re Cannes (06)\u00a0\u00bb font_container=\u00a0\u00bbtag:h2|text_align:center|color:%234c4c4c\u00a0\u00bb use_theme_fonts=\u00a0\u00bbyes\u00a0\u00bb][\/vc_column][\/vc_row][vc_row full_width=\u00a0\u00bbstretch_row_content\u00a0\u00bb equal_height=\u00a0\u00bbyes\u00a0\u00bb content_placement=\u00a0\u00bbmiddle\u00a0\u00bb][vc_column width=\u00a0\u00bb1\/4&Prime;][vc_single_image image=\u00a0\u00bb51&Prime; img_size=\u00a0\u00bb100&#215;100&Prime; alignment=\u00a0\u00bbcenter\u00a0\u00bb][\/vc_column][vc_column width=\u00a0\u00bb1\/2&Prime;][vc_column_text]<\/p>\n<p style=\"text-align: left;\"><strong>V\u00e9rifiez o\u00f9 se trouve votre v\u00e9hicule en appelant le<\/strong><\/p>\n<p style=\"font-size: 20px; text-align: left;\"><a href=\"tel:0493435455\"><strong>04 93 43 54 55<\/strong><\/a><\/p>\n<p style=\"font-size: 12px; text-align: left;\"><em>du Lundi au Samedi de 9h \u00e0 18h sans interruption<\/em><\/p>\n<p>[\/vc_column_text][\/vc_column][vc_column width=\u00a0\u00bb1\/4&Prime;][vc_single_image image=\u00a0\u00bb60&Prime; img_size=\u00a0\u00bbmedium\u00a0\u00bb][\/vc_column][\/vc_row][vc_row full_width=\u00a0\u00bbstretch_row_content\u00a0\u00bb equal_height=\u00a0\u00bbyes\u00a0\u00bb content_placement=\u00a0\u00bbmiddle\u00a0\u00bb][vc_column width=\u00a0\u00bb1\/4&Prime;][vc_single_image image=\u00a0\u00bb50&Prime; img_size=\u00a0\u00bb100&#215;100&Prime; alignment=\u00a0\u00bbcenter\u00a0\u00bb][\/vc_column][vc_column width=\u00a0\u00bb1\/2&Prime;][vc_column_text]<\/p>\n<p style=\"text-align: left;\"><strong>Obtenez une main lev\u00e9e au poste de police comp\u00e9tent<\/strong><\/p>\n<p style=\"text-align: left;\"><strong>PI\u00c8CES OBLIGATOIRES :<\/strong> Permis de conduire + Carte grise avec contr\u00f4le technique valide\u00a0+ Certificat d&rsquo;assurance en cours de validit\u00e9<\/p>\n<p><em>Du lundi au vendredi de 9h \u00e0 17h45 :<\/em><\/p>\n<p>91 Boulevard de la Croisette, 06400 Cannes<\/p>\n<p style=\"font-size: 20px;\"><a href=\"tel:0493945346\"><strong>04 93 94 53 46<\/strong><\/a><\/p>\n<p><em>Hors horaires et Week end :<\/em><\/p>\n<p>2 quai St Pierre 06400 Cannes<\/p>\n<p style=\"font-size: 20px;\"><strong>0800 117 118<\/strong><\/p>\n<p>[\/vc_column_text][\/vc_column][vc_column width=\u00a0\u00bb1\/4&Prime;][vc_single_image image=\u00a0\u00bb67&Prime; img_size=\u00a0\u00bbmedium\u00a0\u00bb][\/vc_column][\/vc_row][vc_row full_width=\u00a0\u00bbstretch_row_content\u00a0\u00bb equal_height=\u00a0\u00bbyes\u00a0\u00bb content_placement=\u00a0\u00bbmiddle\u00a0\u00bb][vc_column width=\u00a0\u00bb1\/4&Prime;][vc_single_image image=\u00a0\u00bb49&Prime; img_size=\u00a0\u00bb100&#215;100&Prime; alignment=\u00a0\u00bbcenter\u00a0\u00bb][\/vc_column][vc_column width=\u00a0\u00bb1\/2&Prime;][vc_column_text]<\/p>\n<p style=\"text-align: left;\"><strong>R\u00e9glez les frais de fourri\u00e8re pour r\u00e9cup\u00e9rez votre v\u00e9hicule<\/strong><\/p>\n<p style=\"text-align: left;\">Fourri\u00e8re Intercommunale<\/p>\n<p style=\"text-align: left;\">91 Boulevard Croisette 06400 Cannes<\/p>\n<p style=\"font-size: 20px; text-align: left;\"><strong>04 93 43 54 55<\/strong><\/p>\n<p style=\"font-size: 12px; text-align: left;\"><em>du Lundi au Samedi de 9h \u00e0 18h sans interruption<\/em><\/p>\n<p>[\/vc_column_text][\/vc_column][vc_column width=\u00a0\u00bb1\/4&Prime;][vc_single_image image=\u00a0\u00bb61&Prime; img_size=\u00a0\u00bbmedium\u00a0\u00bb][\/vc_column][\/vc_row][vc_row][vc_column][vc_single_image image=\u00a0\u00bb56&Prime; img_size=\u00a0\u00bblarge\u00a0\u00bb alignment=\u00a0\u00bbcenter\u00a0\u00bb][\/vc_column][\/vc_row]<\/p>\n","protected":false},"excerpt":{"rendered":"<p>[vc_row full_width=\u00a0\u00bbstretch_row_content\u00a0\u00bb css=\u00a0\u00bb.vc_custom_1500542422248{background-color: #e5e5e5 !important;}\u00a0\u00bb][vc_column][vc_custom_heading text=\u00a0\u00bbFourri\u00e8re Cannes (06)\u00a0\u00bb font_container=\u00a0\u00bbtag:h2|text_align:center|color:%234c4c4c\u00a0\u00bb use_theme_fonts=\u00a0\u00bbyes\u00a0\u00bb][\/vc_column][\/vc_row][vc_row full_width=\u00a0\u00bbstretch_row_content\u00a0\u00bb equal_height=\u00a0\u00bbyes\u00a0\u00bb content_placement=\u00a0\u00bbmiddle\u00a0\u00bb][vc_column width=\u00a0\u00bb1\/4&Prime;][vc_single_image image=\u00a0\u00bb51&Prime; img_size=\u00a0\u00bb100&#215;100&Prime; alignment=\u00a0\u00bbcenter\u00a0\u00bb][\/vc_column][vc_column width=\u00a0\u00bb1\/2&Prime;][vc_column_text] V\u00e9rifiez o\u00f9 se trouve votre v\u00e9hicule en appelant le 04 93 43 54 55 du Lundi au Samedi de 9h \u00e0 18h sans interruption [\/vc_column_text][\/vc_column][vc_column width=\u00a0\u00bb1\/4&Prime;][vc_single_image image=\u00a0\u00bb60&Prime; img_size=\u00a0\u00bbmedium\u00a0\u00bb][\/vc_column][\/vc_row][vc_row full_width=\u00a0\u00bbstretch_row_content\u00a0\u00bb equal_height=\u00a0\u00bbyes\u00a0\u00bb content_placement=\u00a0\u00bbmiddle\u00a0\u00bb][vc_column width=\u00a0\u00bb1\/4&Prime;][vc_single_image image=\u00a0\u00bb50&Prime; img_size=\u00a0\u00bb100&#215;100&Prime; alignment=\u00a0\u00bbcenter\u00a0\u00bb][\/vc_column][vc_column width=\u00a0\u00bb1\/2&Prime;][vc_column_text] Obtenez&hellip;<\/p>\n","protected":false},"author":4,"featured_media":0,"parent":0,"menu_order":0,"comment_status":"closed","ping_status":"closed","template":"","meta":[],"class_list":["post-13","page","type-page","status-publish","hentry","description-off"],"acf":[],"yoast_head":"<!-- This site is optimized with the Yoast SEO plugin v21.9.1 - https:\/\/yoast.com\/wordpress\/plugins\/seo\/ -->\n<title>Site officiel | Fourri\u00e8re de Cannes | Informations pratiques<\/title>\n<meta name=\"description\" content=\"Information sur la proc\u00e9dure de r\u00e9cup\u00e9ration de votre v\u00e9hicule. Frais de fourri\u00e8re et documents \u00e0 fournir. Contactez nous pour plus d&#039;informations.\" \/>\n<meta name=\"robots\" content=\"index, follow, max-snippet:-1, max-image-preview:large, max-video-preview:-1\" \/>\n<link rel=\"canonical\" href=\"https:\/\/fourriere-intercommunale.com\/index.php\/cannes\/\" \/>\n<meta property=\"og:locale\" content=\"fr_FR\" \/>\n<meta property=\"og:type\" content=\"article\" \/>\n<meta property=\"og:title\" content=\"Site officiel | Fourri\u00e8re de Cannes | Informations pratiques\" \/>\n<meta property=\"og:description\" content=\"Information sur la proc\u00e9dure de r\u00e9cup\u00e9ration de votre v\u00e9hicule. Frais de fourri\u00e8re et documents \u00e0 fournir. Contactez nous pour plus d&#039;informations.\" \/>\n<meta property=\"og:url\" content=\"https:\/\/fourriere-intercommunale.com\/index.php\/cannes\/\" \/>\n<meta property=\"og:site_name\" content=\"Fourri\u00e8re Intercommunale\" \/>\n<meta property=\"article:modified_time\" content=\"2023-02-10T09:39:35+00:00\" \/>\n<meta name=\"twitter:card\" content=\"summary_large_image\" \/>\n<meta name=\"twitter:label1\" content=\"Dur\u00e9e de lecture estim\u00e9e\" \/>\n\t<meta name=\"twitter:data1\" content=\"1 minute\" \/>\n<script type=\"application\/ld+json\" class=\"yoast-schema-graph\">{\"@context\":\"https:\/\/schema.org\",\"@graph\":[{\"@type\":\"WebPage\",\"@id\":\"https:\/\/fourriere-intercommunale.com\/index.php\/cannes\/\",\"url\":\"https:\/\/fourriere-intercommunale.com\/index.php\/cannes\/\",\"name\":\"Site officiel | Fourri\u00e8re de Cannes | Informations pratiques\",\"isPartOf\":{\"@id\":\"https:\/\/fourriere-intercommunale.com\/#website\"},\"datePublished\":\"2017-07-19T17:43:03+00:00\",\"dateModified\":\"2023-02-10T09:39:35+00:00\",\"description\":\"Information sur la proc\u00e9dure de r\u00e9cup\u00e9ration de votre v\u00e9hicule. Frais de fourri\u00e8re et documents \u00e0 fournir. Contactez nous pour plus d'informations.\",\"breadcrumb\":{\"@id\":\"https:\/\/fourriere-intercommunale.com\/index.php\/cannes\/#breadcrumb\"},\"inLanguage\":\"fr-FR\",\"potentialAction\":[{\"@type\":\"ReadAction\",\"target\":[\"https:\/\/fourriere-intercommunale.com\/index.php\/cannes\/\"]}]},{\"@type\":\"BreadcrumbList\",\"@id\":\"https:\/\/fourriere-intercommunale.com\/index.php\/cannes\/#breadcrumb\",\"itemListElement\":[{\"@type\":\"ListItem\",\"position\":1,\"name\":\"Accueil\",\"item\":\"https:\/\/fourriere-intercommunale.com\/\"},{\"@type\":\"ListItem\",\"position\":2,\"name\":\"Cannes\"}]},{\"@type\":\"WebSite\",\"@id\":\"https:\/\/fourriere-intercommunale.com\/#website\",\"url\":\"https:\/\/fourriere-intercommunale.com\/\",\"name\":\"Fourri\u00e8re Intercommunale\",\"description\":\"Infos et Contact Fourri\u00e8res\",\"potentialAction\":[{\"@type\":\"SearchAction\",\"target\":{\"@type\":\"EntryPoint\",\"urlTemplate\":\"https:\/\/fourriere-intercommunale.com\/?s={search_term_string}\"},\"query-input\":\"required name=search_term_string\"}],\"inLanguage\":\"fr-FR\"}]}<\/script>\n<!-- \/ Yoast SEO plugin. -->","yoast_head_json":{"title":"Site officiel | Fourri\u00e8re de Cannes | Informations pratiques","description":"Information sur la proc\u00e9dure de r\u00e9cup\u00e9ration de votre v\u00e9hicule. Frais de fourri\u00e8re et documents \u00e0 fournir. Contactez nous pour plus d'informations.","robots":{"index":"index","follow":"follow","max-snippet":"max-snippet:-1","max-image-preview":"max-image-preview:large","max-video-preview":"max-video-preview:-1"},"canonical":"https:\/\/fourriere-intercommunale.com\/index.php\/cannes\/","og_locale":"fr_FR","og_type":"article","og_title":"Site officiel | Fourri\u00e8re de Cannes | Informations pratiques","og_description":"Information sur la proc\u00e9dure de r\u00e9cup\u00e9ration de votre v\u00e9hicule. Frais de fourri\u00e8re et documents \u00e0 fournir. Contactez nous pour plus d'informations.","og_url":"https:\/\/fourriere-intercommunale.com\/index.php\/cannes\/","og_site_name":"Fourri\u00e8re Intercommunale","article_modified_time":"2023-02-10T09:39:35+00:00","twitter_card":"summary_large_image","twitter_misc":{"Dur\u00e9e de lecture estim\u00e9e":"1 minute"},"schema":{"@context":"https:\/\/schema.org","@graph":[{"@type":"WebPage","@id":"https:\/\/fourriere-intercommunale.com\/index.php\/cannes\/","url":"https:\/\/fourriere-intercommunale.com\/index.php\/cannes\/","name":"Site officiel | Fourri\u00e8re de Cannes | Informations pratiques","isPartOf":{"@id":"https:\/\/fourriere-intercommunale.com\/#website"},"datePublished":"2017-07-19T17:43:03+00:00","dateModified":"2023-02-10T09:39:35+00:00","description":"Information sur la proc\u00e9dure de r\u00e9cup\u00e9ration de votre v\u00e9hicule. Frais de fourri\u00e8re et documents \u00e0 fournir. Contactez nous pour plus d'informations.","breadcrumb":{"@id":"https:\/\/fourriere-intercommunale.com\/index.php\/cannes\/#breadcrumb"},"inLanguage":"fr-FR","potentialAction":[{"@type":"ReadAction","target":["https:\/\/fourriere-intercommunale.com\/index.php\/cannes\/"]}]},{"@type":"BreadcrumbList","@id":"https:\/\/fourriere-intercommunale.com\/index.php\/cannes\/#breadcrumb","itemListElement":[{"@type":"ListItem","position":1,"name":"Accueil","item":"https:\/\/fourriere-intercommunale.com\/"},{"@type":"ListItem","position":2,"name":"Cannes"}]},{"@type":"WebSite","@id":"https:\/\/fourriere-intercommunale.com\/#website","url":"https:\/\/fourriere-intercommunale.com\/","name":"Fourri\u00e8re Intercommunale","description":"Infos et Contact Fourri\u00e8res","potentialAction":[{"@type":"SearchAction","target":{"@type":"EntryPoint","urlTemplate":"https:\/\/fourriere-intercommunale.com\/?s={search_term_string}"},"query-input":"required name=search_term_string"}],"inLanguage":"fr-FR"}]}},"_links":{"self":[{"href":"https:\/\/fourriere-intercommunale.com\/index.php\/wp-json\/wp\/v2\/pages\/13","targetHints":{"allow":["GET"]}}],"collection":[{"href":"https:\/\/fourriere-intercommunale.com\/index.php\/wp-json\/wp\/v2\/pages"}],"about":[{"href":"https:\/\/fourriere-intercommunale.com\/index.php\/wp-json\/wp\/v2\/types\/page"}],"author":[{"embeddable":true,"href":"https:\/\/fourriere-intercommunale.com\/index.php\/wp-json\/wp\/v2\/users\/4"}],"replies":[{"embeddable":true,"href":"https:\/\/fourriere-intercommunale.com\/index.php\/wp-json\/wp\/v2\/comments?post=13"}],"version-history":[{"count":23,"href":"https:\/\/fourriere-intercommunale.com\/index.php\/wp-json\/wp\/v2\/pages\/13\/revisions"}],"predecessor-version":[{"id":466,"href":"https:\/\/fourriere-intercommunale.com\/index.php\/wp-json\/wp\/v2\/pages\/13\/revisions\/466"}],"wp:attachment":[{"href":"https:\/\/fourriere-intercommunale.com\/index.php\/wp-json\/wp\/v2\/media?parent=13"}],"curies":[{"name":"wp","href":"https:\/\/api.w.org\/{rel}","templated":true}]}}