{"id":11,"date":"2017-07-19T19:42:39","date_gmt":"2017-07-19T17:42:39","guid":{"rendered":"http:\/\/fourriere-intercommunale.com\/?page_id=11"},"modified":"2023-01-30T15:15:42","modified_gmt":"2023-01-30T14:15:42","slug":"accueil","status":"publish","type":"page","link":"https:\/\/fourriere-intercommunale.com\/","title":{"rendered":"Accueil"},"content":{"rendered":"<p>[vc_row full_width=\u00a0\u00bbstretch_row_content_no_spaces\u00a0\u00bb][vc_column][rev_slider_vc alias=\u00a0\u00bbaccueil\u00a0\u00bb][\/vc_column][\/vc_row][vc_row full_width=\u00a0\u00bbstretch_row\u00a0\u00bb css=\u00a0\u00bb.vc_custom_1500735928488{background-color: rgba(226,226,226,0.57) !important;*background-color: rgb(226,226,226) !important;}\u00a0\u00bb][vc_column][vc_custom_heading text=\u00a0\u00bbPourquoi mon v\u00e9hicule a \u00e9t\u00e9 enlev\u00e9 ? \u00a0\u00bb font_container=\u00a0\u00bbtag:h2|text_align:center|color:%23d63131&Prime; use_theme_fonts=\u00a0\u00bbyes\u00a0\u00bb][vc_row_inner][vc_column_inner][vc_column_text]<\/p>\n<p>Un v\u00e9hicule est enlev\u00e9 sur demande de l<em>&lsquo;<\/em>autorit\u00e9 requ\u00e9rante suite \u00e0 un stationnement g\u00e9nant, abusif ou un contr\u00f4le routier.<\/p>\n<p>[\/vc_column_text][\/vc_column_inner][\/vc_row_inner][\/vc_column][\/vc_row][vc_row][vc_column][vc_custom_heading text=\u00a0\u00bbComment r\u00e9cup\u00e9rer mon v\u00e9hicule ? \u00a0\u00bb font_container=\u00a0\u00bbtag:h2|text_align:center|color:%23d63131&Prime; use_theme_fonts=\u00a0\u00bbyes\u00a0\u00bb][vc_column_text]<\/p>\n<p>[\/vc_column_text][vc_column_text]<\/p>\n<p>Afin de sortir votre v\u00e9hicule de la fourri\u00e8re, vous devez obligatoirement obtenir le papier de main lev\u00e9e (autorisation de sortie).<\/p>\n<p>Pour cela vous devez pr\u00e9senter \u00e0 l&rsquo;autorit\u00e9 requ\u00e9rante ( Police municipale, si enl\u00e8vement stationnement, Police Nationale si enl\u00e8vement judiciaire):<\/p>\n<p>&#8211; Carte Grise<br \/>\n&#8211; Attestation d&rsquo;assurance<br \/>\n&#8211; Permis de conduire<\/p>\n<p>Ensuite, vous devez vous rendre avec cette main lev\u00e9e nous autorisant \u00e0 vous restituer, contre paiement des frais, votre v\u00e9hicule.<\/p>\n<p>[\/vc_column_text][vc_column_text][\/vc_column_text][\/vc_column][\/vc_row]<\/p>\n","protected":false},"excerpt":{"rendered":"<p>[vc_row full_width=\u00a0\u00bbstretch_row_content_no_spaces\u00a0\u00bb][vc_column][rev_slider_vc alias=\u00a0\u00bbaccueil\u00a0\u00bb][\/vc_column][\/vc_row][vc_row full_width=\u00a0\u00bbstretch_row\u00a0\u00bb css=\u00a0\u00bb.vc_custom_1500735928488{background-color: rgba(226,226,226,0.57) !important;*background-color: rgb(226,226,226) !important;}\u00a0\u00bb][vc_column][vc_custom_heading text=\u00a0\u00bbPourquoi mon v\u00e9hicule a \u00e9t\u00e9 enlev\u00e9 ? \u00a0\u00bb font_container=\u00a0\u00bbtag:h2|text_align:center|color:%23d63131&Prime; use_theme_fonts=\u00a0\u00bbyes\u00a0\u00bb][vc_row_inner][vc_column_inner][vc_column_text] Un v\u00e9hicule est enlev\u00e9 sur demande de l&lsquo;autorit\u00e9 requ\u00e9rante suite \u00e0 un stationnement g\u00e9nant, abusif ou un contr\u00f4le routier. [\/vc_column_text][\/vc_column_inner][\/vc_row_inner][\/vc_column][\/vc_row][vc_row][vc_column][vc_custom_heading text=\u00a0\u00bbComment r\u00e9cup\u00e9rer mon v\u00e9hicule ? \u00a0\u00bb font_container=\u00a0\u00bbtag:h2|text_align:center|color:%23d63131&Prime; use_theme_fonts=\u00a0\u00bbyes\u00a0\u00bb][vc_column_text] [\/vc_column_text][vc_column_text] Afin de sortir votre v\u00e9hicule de la&hellip;<\/p>\n","protected":false},"author":4,"featured_media":0,"parent":0,"menu_order":0,"comment_status":"closed","ping_status":"closed","template":"","meta":[],"class_list":["post-11","page","type-page","status-publish","hentry","description-off"],"acf":[],"yoast_head":"<!-- This site is optimized with the Yoast SEO plugin v21.9.1 - https:\/\/yoast.com\/wordpress\/plugins\/seo\/ -->\n<title>Accueil | Fourri\u00e8re Intercommunale<\/title>\n<meta name=\"description\" content=\"Fourri\u00e8re Intercommunale de Cannes, le Cannet, Mandelieu la Napoule, Th\u00e9oule sur Mer, Valbonne \/ Sophia Antipolis , Vallauris \/ Golfe Juan. Infos et plus...\" \/>\n<meta name=\"robots\" content=\"index, follow, max-snippet:-1, max-image-preview:large, max-video-preview:-1\" \/>\n<link rel=\"canonical\" href=\"https:\/\/fourriere-intercommunale.com\/\" \/>\n<meta property=\"og:locale\" content=\"fr_FR\" \/>\n<meta property=\"og:type\" content=\"article\" \/>\n<meta property=\"og:title\" content=\"Site Officiel | Fourri\u00e8re Intercommunale\" \/>\n<meta property=\"og:description\" content=\"Fourri\u00e8re Intercommunale de Cannes, le Cannet, Mandelieu la Napoule, Th\u00e9oule sur Mer, Valbonne \/ Sophia Antipolis , Vallauris \/ Golfe Juan. Infos et plus...\" \/>\n<meta property=\"og:url\" content=\"https:\/\/fourriere-intercommunale.com\/\" \/>\n<meta property=\"og:site_name\" content=\"Fourri\u00e8re Intercommunale\" \/>\n<meta property=\"article:modified_time\" content=\"2023-01-30T14:15:42+00:00\" \/>\n<meta property=\"og:image\" content=\"https:\/\/fourriere-intercommunale.com\/wp-content\/uploads\/2017\/07\/Thumbfbfourriere.png\" \/>\n\t<meta property=\"og:image:width\" content=\"2598\" \/>\n\t<meta property=\"og:image:height\" content=\"1079\" \/>\n\t<meta property=\"og:image:type\" content=\"image\/png\" \/>\n<meta name=\"twitter:card\" content=\"summary_large_image\" \/>\n<meta name=\"twitter:label1\" content=\"Dur\u00e9e de lecture estim\u00e9e\" \/>\n\t<meta name=\"twitter:data1\" content=\"1 minute\" \/>\n<script type=\"application\/ld+json\" class=\"yoast-schema-graph\">{\"@context\":\"https:\/\/schema.org\",\"@graph\":[{\"@type\":\"WebPage\",\"@id\":\"https:\/\/fourriere-intercommunale.com\/\",\"url\":\"https:\/\/fourriere-intercommunale.com\/\",\"name\":\"Accueil | Fourri\u00e8re Intercommunale\",\"isPartOf\":{\"@id\":\"https:\/\/fourriere-intercommunale.com\/#website\"},\"datePublished\":\"2017-07-19T17:42:39+00:00\",\"dateModified\":\"2023-01-30T14:15:42+00:00\",\"description\":\"Fourri\u00e8re Intercommunale de Cannes, le Cannet, Mandelieu la Napoule, Th\u00e9oule sur Mer, Valbonne \/ Sophia Antipolis , Vallauris \/ Golfe Juan. Infos et plus...\",\"breadcrumb\":{\"@id\":\"https:\/\/fourriere-intercommunale.com\/#breadcrumb\"},\"inLanguage\":\"fr-FR\",\"potentialAction\":[{\"@type\":\"ReadAction\",\"target\":[\"https:\/\/fourriere-intercommunale.com\/\"]}]},{\"@type\":\"BreadcrumbList\",\"@id\":\"https:\/\/fourriere-intercommunale.com\/#breadcrumb\",\"itemListElement\":[{\"@type\":\"ListItem\",\"position\":1,\"name\":\"Accueil\",\"item\":\"https:\/\/fourriere-intercommunale.com\/\"},{\"@type\":\"ListItem\",\"position\":2,\"name\":\"Accueil\"}]},{\"@type\":\"WebSite\",\"@id\":\"https:\/\/fourriere-intercommunale.com\/#website\",\"url\":\"https:\/\/fourriere-intercommunale.com\/\",\"name\":\"Fourri\u00e8re Intercommunale\",\"description\":\"Infos et Contact Fourri\u00e8res\",\"potentialAction\":[{\"@type\":\"SearchAction\",\"target\":{\"@type\":\"EntryPoint\",\"urlTemplate\":\"https:\/\/fourriere-intercommunale.com\/?s={search_term_string}\"},\"query-input\":\"required name=search_term_string\"}],\"inLanguage\":\"fr-FR\"}]}<\/script>\n<!-- \/ Yoast SEO plugin. -->","yoast_head_json":{"title":"Accueil | Fourri\u00e8re Intercommunale","description":"Fourri\u00e8re Intercommunale de Cannes, le Cannet, Mandelieu la Napoule, Th\u00e9oule sur Mer, Valbonne \/ Sophia Antipolis , Vallauris \/ Golfe Juan. Infos et plus...","robots":{"index":"index","follow":"follow","max-snippet":"max-snippet:-1","max-image-preview":"max-image-preview:large","max-video-preview":"max-video-preview:-1"},"canonical":"https:\/\/fourriere-intercommunale.com\/","og_locale":"fr_FR","og_type":"article","og_title":"Site Officiel | Fourri\u00e8re Intercommunale","og_description":"Fourri\u00e8re Intercommunale de Cannes, le Cannet, Mandelieu la Napoule, Th\u00e9oule sur Mer, Valbonne \/ Sophia Antipolis , Vallauris \/ Golfe Juan. Infos et plus...","og_url":"https:\/\/fourriere-intercommunale.com\/","og_site_name":"Fourri\u00e8re Intercommunale","article_modified_time":"2023-01-30T14:15:42+00:00","og_image":[{"width":2598,"height":1079,"url":"https:\/\/fourriere-intercommunale.com\/wp-content\/uploads\/2017\/07\/Thumbfbfourriere.png","type":"image\/png"}],"twitter_card":"summary_large_image","twitter_misc":{"Dur\u00e9e de lecture estim\u00e9e":"1 minute"},"schema":{"@context":"https:\/\/schema.org","@graph":[{"@type":"WebPage","@id":"https:\/\/fourriere-intercommunale.com\/","url":"https:\/\/fourriere-intercommunale.com\/","name":"Accueil | Fourri\u00e8re Intercommunale","isPartOf":{"@id":"https:\/\/fourriere-intercommunale.com\/#website"},"datePublished":"2017-07-19T17:42:39+00:00","dateModified":"2023-01-30T14:15:42+00:00","description":"Fourri\u00e8re Intercommunale de Cannes, le Cannet, Mandelieu la Napoule, Th\u00e9oule sur Mer, Valbonne \/ Sophia Antipolis , Vallauris \/ Golfe Juan. Infos et plus...","breadcrumb":{"@id":"https:\/\/fourriere-intercommunale.com\/#breadcrumb"},"inLanguage":"fr-FR","potentialAction":[{"@type":"ReadAction","target":["https:\/\/fourriere-intercommunale.com\/"]}]},{"@type":"BreadcrumbList","@id":"https:\/\/fourriere-intercommunale.com\/#breadcrumb","itemListElement":[{"@type":"ListItem","position":1,"name":"Accueil","item":"https:\/\/fourriere-intercommunale.com\/"},{"@type":"ListItem","position":2,"name":"Accueil"}]},{"@type":"WebSite","@id":"https:\/\/fourriere-intercommunale.com\/#website","url":"https:\/\/fourriere-intercommunale.com\/","name":"Fourri\u00e8re Intercommunale","description":"Infos et Contact Fourri\u00e8res","potentialAction":[{"@type":"SearchAction","target":{"@type":"EntryPoint","urlTemplate":"https:\/\/fourriere-intercommunale.com\/?s={search_term_string}"},"query-input":"required name=search_term_string"}],"inLanguage":"fr-FR"}]}},"_links":{"self":[{"href":"https:\/\/fourriere-intercommunale.com\/index.php\/wp-json\/wp\/v2\/pages\/11","targetHints":{"allow":["GET"]}}],"collection":[{"href":"https:\/\/fourriere-intercommunale.com\/index.php\/wp-json\/wp\/v2\/pages"}],"about":[{"href":"https:\/\/fourriere-intercommunale.com\/index.php\/wp-json\/wp\/v2\/types\/page"}],"author":[{"embeddable":true,"href":"https:\/\/fourriere-intercommunale.com\/index.php\/wp-json\/wp\/v2\/users\/4"}],"replies":[{"embeddable":true,"href":"https:\/\/fourriere-intercommunale.com\/index.php\/wp-json\/wp\/v2\/comments?post=11"}],"version-history":[{"count":35,"href":"https:\/\/fourriere-intercommunale.com\/index.php\/wp-json\/wp\/v2\/pages\/11\/revisions"}],"predecessor-version":[{"id":461,"href":"https:\/\/fourriere-intercommunale.com\/index.php\/wp-json\/wp\/v2\/pages\/11\/revisions\/461"}],"wp:attachment":[{"href":"https:\/\/fourriere-intercommunale.com\/index.php\/wp-json\/wp\/v2\/media?parent=11"}],"curies":[{"name":"wp","href":"https:\/\/api.w.org\/{rel}","templated":true}]}}