{"id":101,"date":"2017-07-20T19:01:21","date_gmt":"2017-07-20T17:01:21","guid":{"rendered":"http:\/\/fourriere-intercommunale.com\/?page_id=101"},"modified":"2023-01-31T15:21:07","modified_gmt":"2023-01-31T14:21:07","slug":"infos-pratiques","status":"publish","type":"page","link":"https:\/\/fourriere-intercommunale.com\/index.php\/infos-pratiques\/","title":{"rendered":"Infos Pratiques"},"content":{"rendered":"<p>[vc_row][vc_column][vc_empty_space height=\u00a0\u00bb50px\u00a0\u00bb][vc_tta_accordion][vc_tta_section title=\u00a0\u00bbDans quel cas mon v\u00e9hicule peut se retrouver \u00e0 la fourri\u00e8re ? \u00a0\u00bb tab_id=\u00a0\u00bb1500995975986-4d409b14-4e59&Prime;][vc_column_text]<\/p>\n<p class=\"p1\">Votre v\u00e9hicule peut se retrouver \u00e0 la fourri\u00e8re pour un stationnement :<\/p>\n<ul class=\"ul1\">\n<li class=\"li1\">G\u00eanant<\/li>\n<li class=\"li1\">Abusif<\/li>\n<li class=\"li1\">Dangereux<\/li>\n<\/ul>\n<p>[\/vc_column_text][\/vc_tta_section][vc_tta_section title=\u00a0\u00bbQui peut proc\u00e9der \u00e0 l\u2019enl\u00e8vement de mon v\u00e9hicule ?\u00a0\u00bb tab_id=\u00a0\u00bb1500995975987-a0033c3b-8416&Prime;][vc_column_text]La police nationale et municipale, les gendarmes ou le maire.[\/vc_column_text][\/vc_tta_section][vc_tta_section title=\u00a0\u00bbComment r\u00e9cup\u00e9rer mon v\u00e9hicule \u00e0 la fourri\u00e8re ?\u00a0\u00bb tab_id=\u00a0\u00bb1500996063142-63e0a151-d91a\u00a0\u00bb][vc_column_text]<\/p>\n<p class=\"p1\">Vous devez d&rsquo;abord vous pr\u00e9senter \u00e0 l&rsquo;autorit\u00e9 requ\u00e9rante qui \u00e0 proc\u00e9d\u00e9 \u00e0 l&rsquo;enl\u00e8vement avec les documents suivants :<\/p>\n<ul class=\"ul1\">\n<li class=\"li1\">carte grise avec contr\u00f4le technique valide,<\/li>\n<li class=\"li1\">assurance en cours de validit\u00e9,<\/li>\n<li class=\"li1\">permis de conduire,<\/li>\n<\/ul>\n<p class=\"p1\">afin d&rsquo;obtenir une main lev\u00e9e de fourri\u00e8re. Ensuite, vous devez vous rendre au parc fourri\u00e8re avec cette main lev\u00e9e nous autorisant \u00e0 vous restituer, contre paiement des frais, votre v\u00e9hicule.<\/p>\n<p>[\/vc_column_text][\/vc_tta_section][vc_tta_section title=\u00a0\u00bbComment \u00e7a se passe si j&rsquo;arrive avant ou pendant l&rsquo;enl\u00e8vement ? \u00a0\u00bb tab_id=\u00a0\u00bb1500996071736-c136d7f7-a7ce\u00a0\u00bb][vc_column_text]<\/p>\n<p class=\"p1\">Si vous arrivez lorsque la soci\u00e9t\u00e9 de remorquage est sur le point d&rsquo;enlever votre v\u00e9hicule et que seulement deux roues ont \u00e9t\u00e9 lev\u00e9es, alors le v\u00e9hicule ne sera pas emmen\u00e9 \u00e0 la fourri\u00e8re mais il faudra cependant vous acquitter des frais d&rsquo;enl\u00e8vement sur place. Vous devrez r\u00e9gler le montant de l&rsquo;amande forfaitaire que vous recevrez ensuite.<\/p>\n<ul>\n<li>frais d&rsquo;enl\u00e8vement : 121,27 \u20ac (150 \u20ac \u00e0 Paris et 126 \u20ac \u00e0 Marseille, Lyon et Toulouse) ;<\/li>\n<li>frais de garde journalier : 6,42 \u20ac (29 \u20ac \u00e0 Paris et 10 \u20ac \u00e0 Marseille, Lyon et Toulouse) ;<\/li>\n<\/ul>\n<p>[\/vc_column_text][\/vc_tta_section][vc_tta_section title=\u00a0\u00bbA combien s\u2019\u00e9l\u00e8vent les frais de fourri\u00e8re ?\u00a0\u00bb tab_id=\u00a0\u00bb1500996068815-7ff9aa54-73a0&Prime;][vc_column_text]Ils sont \u00e0 r\u00e9gler, en plus de l\u2019amende forfaitaire, pour r\u00e9cup\u00e9rer le v\u00e9hicule.<\/p>\n<p>[\/vc_column_text][\/vc_tta_section][vc_tta_section title=\u00a0\u00bbComment r\u00e9gler les frais ?\u00a0\u00bb tab_id=\u00a0\u00bb1500996066528-3fd5e5f3-510c\u00a0\u00bb][vc_column_text]Vous pouvez r\u00e9gler par carte bleue ou esp\u00e8ces.<\/p>\n<p>[\/vc_column_text][\/vc_tta_section][vc_tta_section title=\u00a0\u00bbComment faire si je souhaite r\u00e9cup\u00e9rer un v\u00e9hicule dont je ne suis pas le propri\u00e9taire ?\u00a0\u00bb tab_id=\u00a0\u00bb1500996067481-78d1d643-8f01&Prime;][vc_column_text]Vous devez pr\u00e9senter :<\/p>\n<ul>\n<li>une procuration \u00e9crite et sign\u00e9e de la main du propri\u00e9taire<\/li>\n<li>sa carte d\u2019identit\u00e9<\/li>\n<li>votre permis de conduire<\/li>\n<li>la carte-grise du v\u00e9hicule<\/li>\n<li>le certificat d&rsquo;assurance en cours de validit\u00e9.<\/li>\n<\/ul>\n<p>[\/vc_column_text][\/vc_tta_section][vc_tta_section title=\u00a0\u00bb O\u00f9 s\u2019adresser si je ne retrouve plus mon v\u00e9hicule ?\u00a0\u00bb tab_id=\u00a0\u00bb1500996065476-87310f13-0638&Prime;][vc_column_text]\u00c0 la police municipale de la commune du lieu d&rsquo;enl\u00e8vement.[\/vc_column_text][\/vc_tta_section][vc_tta_section title=\u00a0\u00bbEst-ce que mon v\u00e9hicule peut \u00eatre emmen\u00e9 \u00e0 la fourri\u00e8re si je ne paye pas un stationnement payant ?\u00a0\u00bb tab_id=\u00a0\u00bb1500996365749-a3e587cc-ae5a\u00a0\u00bb][vc_column_text]Non, votre v\u00e9hicule ne peut pas \u00eatre plac\u00e9 en fourri\u00e8re en cas de non-paiement d\u2019un ticket de stationnement obligatoire.[\/vc_column_text][\/vc_tta_section][vc_tta_section title=\u00a0\u00bbQue se passe-t-il si je fais obstacle \u00e0 la mise en fourri\u00e8re ?\u00a0\u00bb tab_id=\u00a0\u00bb1500996368048-4de56166-e51a\u00a0\u00bb][vc_column_text]Vous pouvez \u00eatre puni de 3 mois d\u2019emprisonnement et d\u2019une amende de 3750\u20ac<\/p>\n<p>[\/vc_column_text][\/vc_tta_section][vc_tta_section title=\u00a0\u00bbQue se passe-t-il si je ne r\u00e9cup\u00e8re pas mon v\u00e9hicule dans les 3 jours ?\u00a0\u00bb tab_id=\u00a0\u00bb1500996070562-8ed6d646-b41d\u00a0\u00bb][vc_column_text] L&rsquo;autorit\u00e9 requ\u00e9rante notifie le propri\u00e9taire du v\u00e9hicule par recommand\u00e9 accus\u00e9 r\u00e9ception que son v\u00e9hicule est mis en fourri\u00e8re.<\/p>\n<p>Le v\u00e9hicule est alors\u00a0 <span class=\"miseenevidence\">class\u00e9<\/span>\u00a0dans l&rsquo;une des\u00a0<span class=\"miseenevidence\">2 cat\u00e9gories<\/span>\u00a0suivantes\u00a0:<\/p>\n<ul>\n<li>Remis au domaine<\/li>\n<li>A d\u00e9truire<\/li>\n<\/ul>\n<p>[\/vc_column_text][\/vc_tta_section][vc_tta_section title=\u00a0\u00bbQue se passe-t-il si je ne r\u00e9cup\u00e8re pas du tout mon v\u00e9hicule ?\u00a0\u00bb tab_id=\u00a0\u00bb1500996439669-0ede362b-9d2f\u00a0\u00bb][vc_column_text]Selon la classification du v\u00e9hicule:<\/p>\n<ul>\n<li>il pourra \u00eatre remis au domaine qui jugera, de la mise en vente par adjudication ou de sa destruction.<\/li>\n<li>Il pourra directement aller \u00e0 la destruction .[\/vc_column_text][\/vc_tta_section][vc_tta_section title=\u00a0\u00bbQue faire si je constate une d\u00e9gradation ?\u00a0\u00bb tab_id=\u00a0\u00bb1500996443383-c69c6866-b44d\u00a0\u00bb][vc_column_text]Si vous constatez une d\u00e9gradation sur votre v\u00e9hicule lors du retrait, vous devez en informer, avant sortie du parc, le service fourri\u00e8re. Les forces de l&rsquo;ordre dressent une requisition de mise en fourri\u00e8re avec un \u00e9tat descriptif avant enl\u00e8vement du v\u00e9hicule.[\/vc_column_text][\/vc_tta_section][vc_tta_section title=\u00a0\u00bbComment contester la mise en fourri\u00e8re ?\u00a0\u00bb tab_id=\u00a0\u00bb1500996441791-ac5febf2-8119&Prime;][vc_column_text]Lors de la reception du proc\u00e8s verbal d&rsquo;infraction, il est not\u00e9 l&rsquo;adresse o\u00f9 envoyer votre contestation par voie postale. Vous devez vous adressez au procureur de la r\u00e9publique affili\u00e9 au tribunal de grande instance du lieu d&rsquo;enl\u00e8vement.[\/vc_column_text][\/vc_tta_section][\/vc_tta_accordion][\/vc_column][\/vc_row]<\/li>\n<\/ul>\n","protected":false},"excerpt":{"rendered":"<p>[vc_row][vc_column][vc_empty_space height=\u00a0\u00bb50px\u00a0\u00bb][vc_tta_accordion][vc_tta_section title=\u00a0\u00bbDans quel cas mon v\u00e9hicule peut se retrouver \u00e0 la fourri\u00e8re ? \u00a0\u00bb tab_id=\u00a0\u00bb1500995975986-4d409b14-4e59&Prime;][vc_column_text] Votre v\u00e9hicule peut se retrouver \u00e0 la fourri\u00e8re pour un stationnement : G\u00eanant Abusif Dangereux [\/vc_column_text][\/vc_tta_section][vc_tta_section title=\u00a0\u00bbQui peut proc\u00e9der \u00e0 l\u2019enl\u00e8vement de mon v\u00e9hicule ?\u00a0\u00bb tab_id=\u00a0\u00bb1500995975987-a0033c3b-8416&Prime;][vc_column_text]La police nationale et municipale, les gendarmes ou le maire.[\/vc_column_text][\/vc_tta_section][vc_tta_section title=\u00a0\u00bbComment r\u00e9cup\u00e9rer mon v\u00e9hicule&hellip;<\/p>\n","protected":false},"author":4,"featured_media":0,"parent":0,"menu_order":0,"comment_status":"closed","ping_status":"closed","template":"","meta":[],"class_list":["post-101","page","type-page","status-publish","hentry","description-off"],"acf":[],"yoast_head":"<!-- This site is optimized with the Yoast SEO plugin v21.9.1 - https:\/\/yoast.com\/wordpress\/plugins\/seo\/ -->\n<title>Site Officiel Fourri\u00e8re Intercommunale | Informations pratiques<\/title>\n<meta name=\"description\" content=\"FAQ et Questions - R\u00e9ponses sur les proc\u00e9dures administratives et l\u00e9gales de nos fourri\u00e8res de la r\u00e9gion de cannes. Informations diverses et pratiques.\" \/>\n<meta name=\"robots\" content=\"index, follow, max-snippet:-1, max-image-preview:large, max-video-preview:-1\" \/>\n<link rel=\"canonical\" href=\"https:\/\/fourriere-intercommunale.com\/index.php\/infos-pratiques\/\" \/>\n<meta property=\"og:locale\" content=\"fr_FR\" \/>\n<meta property=\"og:type\" content=\"article\" \/>\n<meta property=\"og:title\" content=\"Site Officiel Fourri\u00e8re Intercommunale | Informations pratiques\" \/>\n<meta property=\"og:description\" content=\"FAQ et Questions - R\u00e9ponses sur les proc\u00e9dures administratives et l\u00e9gales de nos fourri\u00e8res de la r\u00e9gion de cannes. Informations diverses et pratiques.\" \/>\n<meta property=\"og:url\" content=\"https:\/\/fourriere-intercommunale.com\/index.php\/infos-pratiques\/\" \/>\n<meta property=\"og:site_name\" content=\"Fourri\u00e8re Intercommunale\" \/>\n<meta property=\"article:modified_time\" content=\"2023-01-31T14:21:07+00:00\" \/>\n<meta name=\"twitter:card\" content=\"summary_large_image\" \/>\n<meta name=\"twitter:label1\" content=\"Dur\u00e9e de lecture estim\u00e9e\" \/>\n\t<meta name=\"twitter:data1\" content=\"3 minutes\" \/>\n<script type=\"application\/ld+json\" class=\"yoast-schema-graph\">{\"@context\":\"https:\/\/schema.org\",\"@graph\":[{\"@type\":\"WebPage\",\"@id\":\"https:\/\/fourriere-intercommunale.com\/index.php\/infos-pratiques\/\",\"url\":\"https:\/\/fourriere-intercommunale.com\/index.php\/infos-pratiques\/\",\"name\":\"Site Officiel Fourri\u00e8re Intercommunale | Informations pratiques\",\"isPartOf\":{\"@id\":\"https:\/\/fourriere-intercommunale.com\/#website\"},\"datePublished\":\"2017-07-20T17:01:21+00:00\",\"dateModified\":\"2023-01-31T14:21:07+00:00\",\"description\":\"FAQ et Questions - R\u00e9ponses sur les proc\u00e9dures administratives et l\u00e9gales de nos fourri\u00e8res de la r\u00e9gion de cannes. Informations diverses et pratiques.\",\"breadcrumb\":{\"@id\":\"https:\/\/fourriere-intercommunale.com\/index.php\/infos-pratiques\/#breadcrumb\"},\"inLanguage\":\"fr-FR\",\"potentialAction\":[{\"@type\":\"ReadAction\",\"target\":[\"https:\/\/fourriere-intercommunale.com\/index.php\/infos-pratiques\/\"]}]},{\"@type\":\"BreadcrumbList\",\"@id\":\"https:\/\/fourriere-intercommunale.com\/index.php\/infos-pratiques\/#breadcrumb\",\"itemListElement\":[{\"@type\":\"ListItem\",\"position\":1,\"name\":\"Accueil\",\"item\":\"https:\/\/fourriere-intercommunale.com\/\"},{\"@type\":\"ListItem\",\"position\":2,\"name\":\"Infos Pratiques\"}]},{\"@type\":\"WebSite\",\"@id\":\"https:\/\/fourriere-intercommunale.com\/#website\",\"url\":\"https:\/\/fourriere-intercommunale.com\/\",\"name\":\"Fourri\u00e8re Intercommunale\",\"description\":\"Infos et Contact Fourri\u00e8res\",\"potentialAction\":[{\"@type\":\"SearchAction\",\"target\":{\"@type\":\"EntryPoint\",\"urlTemplate\":\"https:\/\/fourriere-intercommunale.com\/?s={search_term_string}\"},\"query-input\":\"required name=search_term_string\"}],\"inLanguage\":\"fr-FR\"}]}<\/script>\n<!-- \/ Yoast SEO plugin. -->","yoast_head_json":{"title":"Site Officiel Fourri\u00e8re Intercommunale | Informations pratiques","description":"FAQ et Questions - R\u00e9ponses sur les proc\u00e9dures administratives et l\u00e9gales de nos fourri\u00e8res de la r\u00e9gion de cannes. Informations diverses et pratiques.","robots":{"index":"index","follow":"follow","max-snippet":"max-snippet:-1","max-image-preview":"max-image-preview:large","max-video-preview":"max-video-preview:-1"},"canonical":"https:\/\/fourriere-intercommunale.com\/index.php\/infos-pratiques\/","og_locale":"fr_FR","og_type":"article","og_title":"Site Officiel Fourri\u00e8re Intercommunale | Informations pratiques","og_description":"FAQ et Questions - R\u00e9ponses sur les proc\u00e9dures administratives et l\u00e9gales de nos fourri\u00e8res de la r\u00e9gion de cannes. Informations diverses et pratiques.","og_url":"https:\/\/fourriere-intercommunale.com\/index.php\/infos-pratiques\/","og_site_name":"Fourri\u00e8re Intercommunale","article_modified_time":"2023-01-31T14:21:07+00:00","twitter_card":"summary_large_image","twitter_misc":{"Dur\u00e9e de lecture estim\u00e9e":"3 minutes"},"schema":{"@context":"https:\/\/schema.org","@graph":[{"@type":"WebPage","@id":"https:\/\/fourriere-intercommunale.com\/index.php\/infos-pratiques\/","url":"https:\/\/fourriere-intercommunale.com\/index.php\/infos-pratiques\/","name":"Site Officiel Fourri\u00e8re Intercommunale | Informations pratiques","isPartOf":{"@id":"https:\/\/fourriere-intercommunale.com\/#website"},"datePublished":"2017-07-20T17:01:21+00:00","dateModified":"2023-01-31T14:21:07+00:00","description":"FAQ et Questions - R\u00e9ponses sur les proc\u00e9dures administratives et l\u00e9gales de nos fourri\u00e8res de la r\u00e9gion de cannes. Informations diverses et pratiques.","breadcrumb":{"@id":"https:\/\/fourriere-intercommunale.com\/index.php\/infos-pratiques\/#breadcrumb"},"inLanguage":"fr-FR","potentialAction":[{"@type":"ReadAction","target":["https:\/\/fourriere-intercommunale.com\/index.php\/infos-pratiques\/"]}]},{"@type":"BreadcrumbList","@id":"https:\/\/fourriere-intercommunale.com\/index.php\/infos-pratiques\/#breadcrumb","itemListElement":[{"@type":"ListItem","position":1,"name":"Accueil","item":"https:\/\/fourriere-intercommunale.com\/"},{"@type":"ListItem","position":2,"name":"Infos Pratiques"}]},{"@type":"WebSite","@id":"https:\/\/fourriere-intercommunale.com\/#website","url":"https:\/\/fourriere-intercommunale.com\/","name":"Fourri\u00e8re Intercommunale","description":"Infos et Contact Fourri\u00e8res","potentialAction":[{"@type":"SearchAction","target":{"@type":"EntryPoint","urlTemplate":"https:\/\/fourriere-intercommunale.com\/?s={search_term_string}"},"query-input":"required name=search_term_string"}],"inLanguage":"fr-FR"}]}},"_links":{"self":[{"href":"https:\/\/fourriere-intercommunale.com\/index.php\/wp-json\/wp\/v2\/pages\/101","targetHints":{"allow":["GET"]}}],"collection":[{"href":"https:\/\/fourriere-intercommunale.com\/index.php\/wp-json\/wp\/v2\/pages"}],"about":[{"href":"https:\/\/fourriere-intercommunale.com\/index.php\/wp-json\/wp\/v2\/types\/page"}],"author":[{"embeddable":true,"href":"https:\/\/fourriere-intercommunale.com\/index.php\/wp-json\/wp\/v2\/users\/4"}],"replies":[{"embeddable":true,"href":"https:\/\/fourriere-intercommunale.com\/index.php\/wp-json\/wp\/v2\/comments?post=101"}],"version-history":[{"count":21,"href":"https:\/\/fourriere-intercommunale.com\/index.php\/wp-json\/wp\/v2\/pages\/101\/revisions"}],"predecessor-version":[{"id":463,"href":"https:\/\/fourriere-intercommunale.com\/index.php\/wp-json\/wp\/v2\/pages\/101\/revisions\/463"}],"wp:attachment":[{"href":"https:\/\/fourriere-intercommunale.com\/index.php\/wp-json\/wp\/v2\/media?parent=101"}],"curies":[{"name":"wp","href":"https:\/\/api.w.org\/{rel}","templated":true}]}}